{"id":2487,"date":"2025-12-13T22:34:00","date_gmt":"2025-12-13T20:34:00","guid":{"rendered":"https:\/\/upwego.lv\/?post_type=product&#038;p=2487"},"modified":"2026-03-09T19:12:13","modified_gmt":"2026-03-09T17:12:13","slug":"davanu-karte-piedzivojuma-mekletajiem","status":"publish","type":"product","link":"https:\/\/upwego.lv\/en\/product\/davanu-karte-piedzivojuma-mekletajiem\/","title":{"rendered":"D\u0101vanu karte piedz\u012bvojuma mekl\u0113t\u0101jiem"},"content":{"rendered":"<ul>\n<li><span class=\"a_GcMg font-feature-liga-off font-feature-clig-off font-feature-calt-off text-decoration-none text-strikethrough-none\">Lidojums tand\u0113m\u0101 ar instruktoru<\/span>\n<ul>\n<li><span class=\"a_GcMg font-feature-liga-off font-feature-clig-off font-feature-calt-off text-decoration-none text-strikethrough-none\">Lidojumu organiz\u0113 SIA \u201cUeWeGo\u201d.<\/span><\/li>\n<li><span class=\"a_GcMg font-feature-liga-off font-feature-clig-off font-feature-calt-off text-decoration-none text-strikethrough-none\">Lidojums, atkar\u012bb\u0101 no laikapst\u0101k\u013ciem, ir 10-20 min\u016btes ilgs.<\/span><\/li>\n<li><span class=\"a_GcMg font-feature-liga-off font-feature-clig-off font-feature-calt-off text-decoration-none text-strikethrough-none\">Paaugstin\u0101tas b\u012bstam\u012bbas aktivit\u0101ti organiz\u0113 profesion\u0101ls un sertific\u0113ts pilots.<\/span><\/li>\n<li><span class=\"a_GcMg font-feature-liga-off font-feature-clig-off font-feature-calt-off text-decoration-none text-strikethrough-none\">Lidojumam nepiecie\u0161ams vilkt sl\u0113gtus apavus, laikapst\u0101k\u013ciem piem\u0113rotu ap\u0123\u0113rbu un v\u0113jjaku.<\/span><\/li>\n<li><span class=\"a_GcMg font-feature-liga-off font-feature-clig-off font-feature-calt-off text-decoration-none text-strikethrough-none\">Lidojums notiek labv\u0113l\u012bgos laika apst\u0101k\u013cos da\u017e\u0101d\u0101s Latvijas viet\u0101s, par to iepriek\u0161 vienojoties ar instruktoru.<\/span><\/li>\n<li><span class=\"a_GcMg font-feature-liga-off font-feature-clig-off font-feature-calt-off text-decoration-none text-strikethrough-none\">Pieteik\u0161an\u0101s m\u0101jas lap\u0101: https:\/\/upwego.lv\/tandemi\/ vai 27707072<\/span><\/li>\n<li><span class=\"a_GcMg font-feature-liga-off font-feature-clig-off font-feature-calt-off text-decoration-none text-strikethrough-none\">Lidojums var tikt p\u0101rcelts, ja izmain\u0101s laika apst\u0101k\u013ci.<\/span><\/li>\n<\/ul>\n<p class=\"cvGsUA direction-ltr align-start para-style-body\"><span class=\"a_GcMg font-feature-liga-off font-feature-clig-off font-feature-calt-off text-decoration-none text-strikethrough-none\">L\u0113ciens ar virvi no <\/span><span class=\"a_GcMg font-feature-liga-off font-feature-clig-off font-feature-calt-off text-decoration-none text-strikethrough-none\">\u016bdenstor\u0146a Olain\u0113<\/span><\/p>\n<ul>\n<li><span class=\"a_GcMg font-feature-liga-off font-feature-clig-off font-feature-calt-off text-decoration-none text-strikethrough-none\">L\u0113cienu organiz\u0113 biedr\u012bba \u201cK\u0101p\u0161anas Tornis\u201d.<\/span><\/li>\n<li><span class=\"a_GcMg font-feature-liga-off font-feature-clig-off font-feature-calt-off text-decoration-none text-strikethrough-none\">L\u0113ciens p\u0113c izv\u0113les ir 15 vai 35 metrus augsts.<\/span><\/li>\n<li><span class=\"a_GcMg font-feature-liga-off font-feature-clig-off font-feature-calt-off text-decoration-none text-strikethrough-none\">Paaugstin\u0101tas b\u012bstam\u012bbas aktivit\u0101ti organiz\u0113 profesion\u0101ls un augstuma darbos sertific\u0113ts instruktors.<\/span><\/li>\n<li><span class=\"a_GcMg font-feature-liga-off font-feature-clig-off font-feature-calt-off text-decoration-none text-strikethrough-none\">P\u0113c nok\u013c\u016b\u0161anas uz lek\u0161anas platformas l\u0113ciens ir j\u0101izpilda 15 min\u016b\u0161u laik\u0101. Ja tas netiek izdar\u012bts, tad nauda netiek atgriezta.<\/span><\/li>\n<li><span class=\"a_GcMg font-feature-liga-off font-feature-clig-off font-feature-calt-off text-decoration-none text-strikethrough-none\">Lek\u0161ana tiek organiz\u0113ta<\/span> <span class=\"a_GcMg font-feature-liga-off font-feature-clig-off font-feature-calt-off text-decoration-none text-strikethrough-none\">sestdien\u0101s un<\/span> <span class=\"a_GcMg font-feature-liga-off font-feature-clig-off font-feature-calt-off text-decoration-none text-strikethrough-none\">sv\u0113tdien\u0101s iepriek\u0161 vienojoties pa t\u0101lruni 27146413.<\/span><\/li>\n<li><span class=\"a_GcMg font-feature-liga-off font-feature-clig-off font-feature-calt-off text-decoration-none text-strikethrough-none\">Vair\u0101k inform\u0101cijas: https:\/\/www.kapsanastornis.lv\/<\/span><\/li>\n<\/ul>\n<\/li>\n<\/ul>\n<p><img loading=\"lazy\" decoding=\"async\" class=\"alignnone wp-image-2490 aligncenter\" src=\"https:\/\/upwego.lv\/wp-content\/uploads\/2025\/12\/Back_Web-300x212.png\" alt=\"\" width=\"902\" height=\"637\" srcset=\"https:\/\/upwego.lv\/wp-content\/uploads\/2025\/12\/Back_Web-300x212.png 300w, https:\/\/upwego.lv\/wp-content\/uploads\/2025\/12\/Back_Web-1024x723.png 1024w, https:\/\/upwego.lv\/wp-content\/uploads\/2025\/12\/Back_Web-768x542.png 768w, https:\/\/upwego.lv\/wp-content\/uploads\/2025\/12\/Back_Web-18x12.png 18w, https:\/\/upwego.lv\/wp-content\/uploads\/2025\/12\/Back_Web-600x424.png 600w, https:\/\/upwego.lv\/wp-content\/uploads\/2025\/12\/Back_Web.png 1474w\" sizes=\"(max-width: 902px) 100vw, 902px\" \/><\/p>","protected":false},"excerpt":{"rendered":"<p><span class=\"a_GcMg font-feature-liga-off font-feature-clig-off font-feature-calt-off text-decoration-none text-strikethrough-none\">D\u0101vanu karte iek\u013cauj:<\/span><\/p>\n<ul>\n<li><span class=\"a_GcMg font-feature-liga-off font-feature-clig-off font-feature-calt-off text-decoration-none text-strikethrough-none\">Lidojumu tand\u0113m\u0101 ar parapl\u0101nu ar instruktoru Latvijas \u0101r\u0113s<\/span><\/li>\n<li><span class=\"a_GcMg font-feature-liga-off font-feature-clig-off font-feature-calt-off text-decoration-none text-strikethrough-none\">L\u0113cienu ar virvi no \u016bdenstor\u0146a Olain\u0113<\/span><\/li>\n<\/ul>","protected":false},"featured_media":2521,"comment_status":"open","ping_status":"closed","template":"","meta":{"saved_in_kubio":false},"product_brand":[],"product_cat":[40],"product_tag":[],"class_list":{"0":"post-2487","1":"product","2":"type-product","3":"status-publish","4":"has-post-thumbnail","6":"product_cat-uncategorized","8":"first","9":"outofstock","10":"virtual","11":"purchasable","12":"product-type-simple"},"yoast_head":"<!-- This site is optimized with the Yoast SEO plugin v27.3 - https:\/\/yoast.com\/product\/yoast-seo-wordpress\/ -->\n<title>D\u0101vanu karte piedz\u012bvojuma mekl\u0113t\u0101jiem - Up We Go<\/title>\n<meta name=\"description\" content=\"D\u0101vanu karte piedz\u012bvojumu mekl\u0113t\u0101jiem. Pacelies debes\u012bs un lido ar parapl\u0101nu. Lec ar virvi no Olaines K\u0101p\u0161anas tor\u0146a. Kombo paka ar izaicin\u0101jumu.\" \/>\n<meta name=\"robots\" content=\"index, follow, max-snippet:-1, max-image-preview:large, max-video-preview:-1\" \/>\n<link rel=\"canonical\" href=\"https:\/\/upwego.lv\/en\/product\/davanu-karte-piedzivojuma-mekletajiem\/\" \/>\n<meta property=\"og:locale\" content=\"en_US\" \/>\n<meta property=\"og:type\" content=\"article\" \/>\n<meta property=\"og:title\" content=\"D\u0101vanu karte piedz\u012bvojuma mekl\u0113t\u0101jiem - Up We Go\" \/>\n<meta property=\"og:description\" content=\"D\u0101vanu karte piedz\u012bvojumu mekl\u0113t\u0101jiem. Pacelies debes\u012bs un lido ar parapl\u0101nu. Lec ar virvi no Olaines K\u0101p\u0161anas tor\u0146a. Kombo paka ar izaicin\u0101jumu.\" \/>\n<meta property=\"og:url\" content=\"https:\/\/upwego.lv\/en\/product\/davanu-karte-piedzivojuma-mekletajiem\/\" \/>\n<meta property=\"og:site_name\" content=\"Up We Go\" \/>\n<meta property=\"article:publisher\" content=\"https:\/\/www.facebook.com\/upwego\/\" \/>\n<meta property=\"article:modified_time\" content=\"2026-03-09T17:12:13+00:00\" \/>\n<meta property=\"og:image\" content=\"https:\/\/upwego.lv\/wp-content\/uploads\/2025\/12\/22222.png\" \/>\n\t<meta property=\"og:image:width\" content=\"1080\" \/>\n\t<meta property=\"og:image:height\" content=\"839\" \/>\n\t<meta property=\"og:image:type\" content=\"image\/png\" \/>\n<meta name=\"twitter:card\" content=\"summary_large_image\" \/>\n<meta name=\"twitter:label1\" content=\"Est. reading time\" \/>\n\t<meta name=\"twitter:data1\" content=\"2 minutes\" \/>\n<script type=\"application\/ld+json\" class=\"yoast-schema-graph\">{\"@context\":\"https:\\\/\\\/schema.org\",\"@graph\":[{\"@type\":\"WebPage\",\"@id\":\"https:\\\/\\\/upwego.lv\\\/product\\\/davanu-karte-piedzivojuma-mekletajiem\\\/\",\"url\":\"https:\\\/\\\/upwego.lv\\\/product\\\/davanu-karte-piedzivojuma-mekletajiem\\\/\",\"name\":\"D\u0101vanu karte piedz\u012bvojuma mekl\u0113t\u0101jiem - Up We Go\",\"isPartOf\":{\"@id\":\"https:\\\/\\\/upwego.lv\\\/#website\"},\"primaryImageOfPage\":{\"@id\":\"https:\\\/\\\/upwego.lv\\\/product\\\/davanu-karte-piedzivojuma-mekletajiem\\\/#primaryimage\"},\"image\":{\"@id\":\"https:\\\/\\\/upwego.lv\\\/product\\\/davanu-karte-piedzivojuma-mekletajiem\\\/#primaryimage\"},\"thumbnailUrl\":\"https:\\\/\\\/upwego.lv\\\/wp-content\\\/uploads\\\/2025\\\/12\\\/22222.png\",\"datePublished\":\"2025-12-13T20:34:00+00:00\",\"dateModified\":\"2026-03-09T17:12:13+00:00\",\"description\":\"D\u0101vanu karte piedz\u012bvojumu mekl\u0113t\u0101jiem. Pacelies debes\u012bs un lido ar parapl\u0101nu. Lec ar virvi no Olaines K\u0101p\u0161anas tor\u0146a. Kombo paka ar izaicin\u0101jumu.\",\"breadcrumb\":{\"@id\":\"https:\\\/\\\/upwego.lv\\\/product\\\/davanu-karte-piedzivojuma-mekletajiem\\\/#breadcrumb\"},\"inLanguage\":\"en-US\",\"potentialAction\":[{\"@type\":\"ReadAction\",\"target\":[\"https:\\\/\\\/upwego.lv\\\/product\\\/davanu-karte-piedzivojuma-mekletajiem\\\/\"]}]},{\"@type\":\"ImageObject\",\"inLanguage\":\"en-US\",\"@id\":\"https:\\\/\\\/upwego.lv\\\/product\\\/davanu-karte-piedzivojuma-mekletajiem\\\/#primaryimage\",\"url\":\"https:\\\/\\\/upwego.lv\\\/wp-content\\\/uploads\\\/2025\\\/12\\\/22222.png\",\"contentUrl\":\"https:\\\/\\\/upwego.lv\\\/wp-content\\\/uploads\\\/2025\\\/12\\\/22222.png\",\"width\":1080,\"height\":839},{\"@type\":\"BreadcrumbList\",\"@id\":\"https:\\\/\\\/upwego.lv\\\/product\\\/davanu-karte-piedzivojuma-mekletajiem\\\/#breadcrumb\",\"itemListElement\":[{\"@type\":\"ListItem\",\"position\":1,\"name\":\"Home\",\"item\":\"https:\\\/\\\/upwego.lv\\\/\"},{\"@type\":\"ListItem\",\"position\":2,\"name\":\"Shop\",\"item\":\"https:\\\/\\\/upwego.lv\\\/shop\\\/\"},{\"@type\":\"ListItem\",\"position\":3,\"name\":\"D\u0101vanu karte piedz\u012bvojuma mekl\u0113t\u0101jiem\"}]},{\"@type\":\"WebSite\",\"@id\":\"https:\\\/\\\/upwego.lv\\\/#website\",\"url\":\"https:\\\/\\\/upwego.lv\\\/\",\"name\":\"Up We Go\",\"description\":\"Patst\u0101v\u012bgu parapl\u0101nu pilotu skola\",\"publisher\":{\"@id\":\"https:\\\/\\\/upwego.lv\\\/#organization\"},\"potentialAction\":[{\"@type\":\"SearchAction\",\"target\":{\"@type\":\"EntryPoint\",\"urlTemplate\":\"https:\\\/\\\/upwego.lv\\\/?s={search_term_string}\"},\"query-input\":{\"@type\":\"PropertyValueSpecification\",\"valueRequired\":true,\"valueName\":\"search_term_string\"}}],\"inLanguage\":\"en-US\"},{\"@type\":\"Organization\",\"@id\":\"https:\\\/\\\/upwego.lv\\\/#organization\",\"name\":\"Up We Go\",\"url\":\"https:\\\/\\\/upwego.lv\\\/\",\"logo\":{\"@type\":\"ImageObject\",\"inLanguage\":\"en-US\",\"@id\":\"https:\\\/\\\/upwego.lv\\\/#\\\/schema\\\/logo\\\/image\\\/\",\"url\":\"https:\\\/\\\/upwego.lv\\\/wp-content\\\/uploads\\\/2025\\\/01\\\/uwg-logo-white.png\",\"contentUrl\":\"https:\\\/\\\/upwego.lv\\\/wp-content\\\/uploads\\\/2025\\\/01\\\/uwg-logo-white.png\",\"width\":1175,\"height\":747,\"caption\":\"Up We Go\"},\"image\":{\"@id\":\"https:\\\/\\\/upwego.lv\\\/#\\\/schema\\\/logo\\\/image\\\/\"},\"sameAs\":[\"https:\\\/\\\/www.facebook.com\\\/upwego\\\/\",\"https:\\\/\\\/www.instagram.com\\\/upwego.paragliding\\\/\"]}]}<\/script>\n<!-- \/ Yoast SEO plugin. -->","yoast_head_json":{"title":"D\u0101vanu karte piedz\u012bvojuma mekl\u0113t\u0101jiem - Up We Go","description":"D\u0101vanu karte piedz\u012bvojumu mekl\u0113t\u0101jiem. Pacelies debes\u012bs un lido ar parapl\u0101nu. Lec ar virvi no Olaines K\u0101p\u0161anas tor\u0146a. Kombo paka ar izaicin\u0101jumu.","robots":{"index":"index","follow":"follow","max-snippet":"max-snippet:-1","max-image-preview":"max-image-preview:large","max-video-preview":"max-video-preview:-1"},"canonical":"https:\/\/upwego.lv\/en\/product\/davanu-karte-piedzivojuma-mekletajiem\/","og_locale":"en_US","og_type":"article","og_title":"D\u0101vanu karte piedz\u012bvojuma mekl\u0113t\u0101jiem - Up We Go","og_description":"D\u0101vanu karte piedz\u012bvojumu mekl\u0113t\u0101jiem. Pacelies debes\u012bs un lido ar parapl\u0101nu. Lec ar virvi no Olaines K\u0101p\u0161anas tor\u0146a. Kombo paka ar izaicin\u0101jumu.","og_url":"https:\/\/upwego.lv\/en\/product\/davanu-karte-piedzivojuma-mekletajiem\/","og_site_name":"Up We Go","article_publisher":"https:\/\/www.facebook.com\/upwego\/","article_modified_time":"2026-03-09T17:12:13+00:00","og_image":[{"width":1080,"height":839,"url":"https:\/\/upwego.lv\/wp-content\/uploads\/2025\/12\/22222.png","type":"image\/png"}],"twitter_card":"summary_large_image","twitter_misc":{"Est. reading time":"2 minutes"},"schema":{"@context":"https:\/\/schema.org","@graph":[{"@type":"WebPage","@id":"https:\/\/upwego.lv\/product\/davanu-karte-piedzivojuma-mekletajiem\/","url":"https:\/\/upwego.lv\/product\/davanu-karte-piedzivojuma-mekletajiem\/","name":"D\u0101vanu karte piedz\u012bvojuma mekl\u0113t\u0101jiem - Up We Go","isPartOf":{"@id":"https:\/\/upwego.lv\/#website"},"primaryImageOfPage":{"@id":"https:\/\/upwego.lv\/product\/davanu-karte-piedzivojuma-mekletajiem\/#primaryimage"},"image":{"@id":"https:\/\/upwego.lv\/product\/davanu-karte-piedzivojuma-mekletajiem\/#primaryimage"},"thumbnailUrl":"https:\/\/upwego.lv\/wp-content\/uploads\/2025\/12\/22222.png","datePublished":"2025-12-13T20:34:00+00:00","dateModified":"2026-03-09T17:12:13+00:00","description":"D\u0101vanu karte piedz\u012bvojumu mekl\u0113t\u0101jiem. Pacelies debes\u012bs un lido ar parapl\u0101nu. Lec ar virvi no Olaines K\u0101p\u0161anas tor\u0146a. Kombo paka ar izaicin\u0101jumu.","breadcrumb":{"@id":"https:\/\/upwego.lv\/product\/davanu-karte-piedzivojuma-mekletajiem\/#breadcrumb"},"inLanguage":"en-US","potentialAction":[{"@type":"ReadAction","target":["https:\/\/upwego.lv\/product\/davanu-karte-piedzivojuma-mekletajiem\/"]}]},{"@type":"ImageObject","inLanguage":"en-US","@id":"https:\/\/upwego.lv\/product\/davanu-karte-piedzivojuma-mekletajiem\/#primaryimage","url":"https:\/\/upwego.lv\/wp-content\/uploads\/2025\/12\/22222.png","contentUrl":"https:\/\/upwego.lv\/wp-content\/uploads\/2025\/12\/22222.png","width":1080,"height":839},{"@type":"BreadcrumbList","@id":"https:\/\/upwego.lv\/product\/davanu-karte-piedzivojuma-mekletajiem\/#breadcrumb","itemListElement":[{"@type":"ListItem","position":1,"name":"Home","item":"https:\/\/upwego.lv\/"},{"@type":"ListItem","position":2,"name":"Shop","item":"https:\/\/upwego.lv\/shop\/"},{"@type":"ListItem","position":3,"name":"D\u0101vanu karte piedz\u012bvojuma mekl\u0113t\u0101jiem"}]},{"@type":"WebSite","@id":"https:\/\/upwego.lv\/#website","url":"https:\/\/upwego.lv\/","name":"Up We Go","description":"Patst\u0101v\u012bgu parapl\u0101nu pilotu skola","publisher":{"@id":"https:\/\/upwego.lv\/#organization"},"potentialAction":[{"@type":"SearchAction","target":{"@type":"EntryPoint","urlTemplate":"https:\/\/upwego.lv\/?s={search_term_string}"},"query-input":{"@type":"PropertyValueSpecification","valueRequired":true,"valueName":"search_term_string"}}],"inLanguage":"en-US"},{"@type":"Organization","@id":"https:\/\/upwego.lv\/#organization","name":"Up We Go","url":"https:\/\/upwego.lv\/","logo":{"@type":"ImageObject","inLanguage":"en-US","@id":"https:\/\/upwego.lv\/#\/schema\/logo\/image\/","url":"https:\/\/upwego.lv\/wp-content\/uploads\/2025\/01\/uwg-logo-white.png","contentUrl":"https:\/\/upwego.lv\/wp-content\/uploads\/2025\/01\/uwg-logo-white.png","width":1175,"height":747,"caption":"Up We Go"},"image":{"@id":"https:\/\/upwego.lv\/#\/schema\/logo\/image\/"},"sameAs":["https:\/\/www.facebook.com\/upwego\/","https:\/\/www.instagram.com\/upwego.paragliding\/"]}]}},"featured_media_urls":{"thumbnail":["https:\/\/upwego.lv\/wp-content\/uploads\/2025\/12\/22222-150x150.png",150,150,true],"medium":["https:\/\/upwego.lv\/wp-content\/uploads\/2025\/12\/22222-300x233.png",300,233,true],"medium_large":["https:\/\/upwego.lv\/wp-content\/uploads\/2025\/12\/22222-768x597.png",768,597,true],"large":["https:\/\/upwego.lv\/wp-content\/uploads\/2025\/12\/22222-1024x795.png",1024,795,true],"1536x1536":["https:\/\/upwego.lv\/wp-content\/uploads\/2025\/12\/22222.png",1080,839,false],"2048x2048":["https:\/\/upwego.lv\/wp-content\/uploads\/2025\/12\/22222.png",1080,839,false],"trp-custom-language-flag":["https:\/\/upwego.lv\/wp-content\/uploads\/2025\/12\/22222-15x12.png",15,12,true],"kubio-fullhd":["https:\/\/upwego.lv\/wp-content\/uploads\/2025\/12\/22222.png",1080,839,false],"woocommerce_thumbnail":["https:\/\/upwego.lv\/wp-content\/uploads\/2025\/12\/22222-300x300.png",300,300,true],"woocommerce_single":["https:\/\/upwego.lv\/wp-content\/uploads\/2025\/12\/22222-600x466.png",600,466,true],"woocommerce_gallery_thumbnail":["https:\/\/upwego.lv\/wp-content\/uploads\/2025\/12\/22222-100x100.png",100,100,true],"portfolio_item-thumbnail":["https:\/\/upwego.lv\/wp-content\/uploads\/2025\/12\/22222.png",515,400,false],"portfolio_item-thumbnail@2x":["https:\/\/upwego.lv\/wp-content\/uploads\/2025\/12\/22222.png",1030,800,false],"portfolio_item-masonry":["https:\/\/upwego.lv\/wp-content\/uploads\/2025\/12\/22222.png",600,466,false],"portfolio_item-masonry@2x":["https:\/\/upwego.lv\/wp-content\/uploads\/2025\/12\/22222.png",1080,839,false],"portfolio_item-thumbnail_cinema":["https:\/\/upwego.lv\/wp-content\/uploads\/2025\/12\/22222.png",431,335,false],"portfolio_item-thumbnail_portrait":["https:\/\/upwego.lv\/wp-content\/uploads\/2025\/12\/22222.png",600,466,false],"portfolio_item-thumbnail_portrait@2x":["https:\/\/upwego.lv\/wp-content\/uploads\/2025\/12\/22222.png",1080,839,false],"portfolio_item-thumbnail_square":["https:\/\/upwego.lv\/wp-content\/uploads\/2025\/12\/22222.png",800,621,false]},"_links":{"self":[{"href":"https:\/\/upwego.lv\/en\/wp-json\/wp\/v2\/product\/2487","targetHints":{"allow":["GET"]}}],"collection":[{"href":"https:\/\/upwego.lv\/en\/wp-json\/wp\/v2\/product"}],"about":[{"href":"https:\/\/upwego.lv\/en\/wp-json\/wp\/v2\/types\/product"}],"replies":[{"embeddable":true,"href":"https:\/\/upwego.lv\/en\/wp-json\/wp\/v2\/comments?post=2487"}],"wp:featuredmedia":[{"embeddable":true,"href":"https:\/\/upwego.lv\/en\/wp-json\/wp\/v2\/media\/2521"}],"wp:attachment":[{"href":"https:\/\/upwego.lv\/en\/wp-json\/wp\/v2\/media?parent=2487"}],"wp:term":[{"taxonomy":"product_brand","embeddable":true,"href":"https:\/\/upwego.lv\/en\/wp-json\/wp\/v2\/product_brand?post=2487"},{"taxonomy":"product_cat","embeddable":true,"href":"https:\/\/upwego.lv\/en\/wp-json\/wp\/v2\/product_cat?post=2487"},{"taxonomy":"product_tag","embeddable":true,"href":"https:\/\/upwego.lv\/en\/wp-json\/wp\/v2\/product_tag?post=2487"}],"curies":[{"name":"wp","href":"https:\/\/api.w.org\/{rel}","templated":true}]}}