{"id":1709,"date":"2025-07-08T16:17:06","date_gmt":"2025-07-08T13:17:06","guid":{"rendered":"https:\/\/upwego.lv\/?post_type=product&#038;p=1709"},"modified":"2026-03-09T19:12:08","modified_gmt":"2026-03-09T17:12:08","slug":"davanu-karte-tandema-lidojumam","status":"publish","type":"product","link":"https:\/\/upwego.lv\/en\/product\/davanu-karte-tandema-lidojumam\/","title":{"rendered":"D\u0101vanu karte tand\u0113ma lidojumam"},"content":{"rendered":"<p>Lidojums kop\u0101 ar instruktoru. Tas ir parapl\u0101nu tand\u0113ma lidojums visiem, kuri v\u0113las izbaud\u012bt lido\u0161anu dro\u0161\u0101s pieredz\u0113ju\u0161a pilota rok\u0101s.<\/p>\n<p>Organiz\u0113jam divu veidu lidojumus:<br \/>\n1. Augstais lidojums (450-800m) , kur m\u016bsu komanda pacels Tevi debes\u012bs. Kop\u0101 ar pilotu, paskrienot uz priek\u0161u, pacelsiet parapl\u0101nu un t\u0101l\u0101k tas celsies gais\u0101 ar automa\u0161\u012bnas pal\u012bdz\u012bbu, kas apr\u012bkota ar speci\u0101li lidojumiem rad\u012btu vin\u010du. Sasniedzot augstumu vair\u0101k k\u0101 400 metru virs zemes, pilots atkabin\u0101s no vin\u010das auklas un turpin\u0101s l\u0113ns plan\u0113jums.<\/p>\n<p>2. Piekrastes lidojums virs k\u0101p\u0101m un st\u0101vkrastiem. Kop\u0101 ar instruktoru b\u016bs iesp\u0113ja sajust v\u0113ju un j\u016bru &#8211; \u012bsts putna lidojums. Ja v\u0113j\u0161 p\u016b\u0161 uz krastu, tas rada piekrastes gaisa vilni, kur\u0101 var pacelties un lidot. \u0160aj\u0101s v\u0113ja p\u016bsm\u0101s iesp\u0113jams lidot v\u0113l ilg\u0101k, kop\u0101 ar kaij\u0101m un \u0113rg\u013ciem v\u0113rojot Baltijas j\u016bras vi\u013c\u0146us.<\/p>\n<p>Lidojums notiek labv\u0113l\u012bgos laika apst\u0101k\u013cos, par to iepriek\u0161 vienojoties ar instruktoru. Lidojums var tikt p\u0101rcelts, ja izmain\u0101s laika apst\u0101k\u013ci. Pirms lido\u0161anas notiks \u012bsa instrukt\u0101\u017ea.<\/p>\n<p>&nbsp;<\/p>","protected":false},"excerpt":{"rendered":"<p>Lidojums kop\u0101 ar instruktoru.<\/p>\n<p>Apg\u0113\u0157bs &#8211; ap\u0123\u0113rbam j\u0101b\u016bt br\u012bvam un ar gar\u0101m piedurkn\u0113m.\u00a0 Apaviem j\u0101b\u016bt bez augst\u0101 pap\u0113\u017ea, un tiem stingri j\u0101turas k\u0101j\u0101s!<\/p>\n<p>Lidojuma laiks &#8211; no 6 l\u012bdz 15 min\u016bt\u0113m.<\/p>\n<p>Svara ierobe\u017eojumi &#8211; Svara ierobe\u017eojumi no 20 \u2013 110 kg.<\/p>\n<p><img loading=\"lazy\" decoding=\"async\" class=\"alignnone wp-image-1052\" src=\"https:\/\/upwego.lv\/wp-content\/uploads\/2025\/05\/20220611_185207-300x225.jpg\" alt=\"\" width=\"195\" height=\"146\" srcset=\"https:\/\/upwego.lv\/wp-content\/uploads\/2025\/05\/20220611_185207-300x225.jpg 300w, https:\/\/upwego.lv\/wp-content\/uploads\/2025\/05\/20220611_185207-1024x768.jpg 1024w, https:\/\/upwego.lv\/wp-content\/uploads\/2025\/05\/20220611_185207-2000x1500.jpg 2000w\" sizes=\"(max-width: 195px) 100vw, 195px\" \/>\u00a0 \u00a0 \u00a0<img loading=\"lazy\" decoding=\"async\" class=\"alignnone wp-image-1051\" src=\"https:\/\/upwego.lv\/wp-content\/uploads\/2025\/05\/20220611_185123-300x225.jpg\" alt=\"\" width=\"195\" height=\"147\" srcset=\"https:\/\/upwego.lv\/wp-content\/uploads\/2025\/05\/20220611_185123-300x225.jpg 300w, https:\/\/upwego.lv\/wp-content\/uploads\/2025\/05\/20220611_185123-1024x768.jpg 1024w, https:\/\/upwego.lv\/wp-content\/uploads\/2025\/05\/20220611_185123-2000x1500.jpg 2000w\" sizes=\"(max-width: 195px) 100vw, 195px\" \/><\/p>","protected":false},"featured_media":2529,"comment_status":"open","ping_status":"closed","template":"","meta":{"saved_in_kubio":false},"product_brand":[],"product_cat":[40],"product_tag":[],"class_list":{"0":"post-1709","1":"product","2":"type-product","3":"status-publish","4":"has-post-thumbnail","6":"product_cat-uncategorized","8":"first","9":"outofstock","10":"virtual","11":"purchasable","12":"product-type-simple"},"yoast_head":"<!-- This site is optimized with the Yoast SEO plugin v27.3 - https:\/\/yoast.com\/product\/yoast-seo-wordpress\/ -->\n<title>D\u0101vanu karte tand\u0113ma lidojumam - Up We Go<\/title>\n<meta name=\"description\" content=\"Lidojums kop\u0101 ar instruktoru. Tas ir parapl\u0101nu tand\u0113ma lidojums visiem, kuri v\u0113las izbaud\u012bt lido\u0161anu dro\u0161\u0101s pieredz\u0113ju\u0161a pilota rok\u0101s.\" \/>\n<meta name=\"robots\" content=\"index, follow, max-snippet:-1, max-image-preview:large, max-video-preview:-1\" \/>\n<link rel=\"canonical\" href=\"https:\/\/upwego.lv\/en\/product\/davanu-karte-tandema-lidojumam\/\" \/>\n<meta property=\"og:locale\" content=\"en_US\" \/>\n<meta property=\"og:type\" content=\"article\" \/>\n<meta property=\"og:title\" content=\"D\u0101vanu karte tand\u0113ma lidojumam - Up We Go\" \/>\n<meta property=\"og:description\" content=\"Lidojums kop\u0101 ar instruktoru. Tas ir parapl\u0101nu tand\u0113ma lidojums visiem, kuri v\u0113las izbaud\u012bt lido\u0161anu dro\u0161\u0101s pieredz\u0113ju\u0161a pilota rok\u0101s.\" \/>\n<meta property=\"og:url\" content=\"https:\/\/upwego.lv\/en\/product\/davanu-karte-tandema-lidojumam\/\" \/>\n<meta property=\"og:site_name\" content=\"Up We Go\" \/>\n<meta property=\"article:publisher\" content=\"https:\/\/www.facebook.com\/upwego\/\" \/>\n<meta property=\"article:modified_time\" content=\"2026-03-09T17:12:08+00:00\" \/>\n<meta property=\"og:image\" content=\"https:\/\/upwego.lv\/wp-content\/uploads\/2025\/07\/DKUWG.png\" \/>\n\t<meta property=\"og:image:width\" content=\"1080\" \/>\n\t<meta property=\"og:image:height\" content=\"1063\" \/>\n\t<meta property=\"og:image:type\" content=\"image\/png\" \/>\n<meta name=\"twitter:card\" content=\"summary_large_image\" \/>\n<meta name=\"twitter:label1\" content=\"Est. reading time\" \/>\n\t<meta name=\"twitter:data1\" content=\"1 minute\" \/>\n<script type=\"application\/ld+json\" class=\"yoast-schema-graph\">{\"@context\":\"https:\\\/\\\/schema.org\",\"@graph\":[{\"@type\":\"WebPage\",\"@id\":\"https:\\\/\\\/upwego.lv\\\/product\\\/davanu-karte-tandema-lidojumam\\\/\",\"url\":\"https:\\\/\\\/upwego.lv\\\/product\\\/davanu-karte-tandema-lidojumam\\\/\",\"name\":\"D\u0101vanu karte tand\u0113ma lidojumam - Up We Go\",\"isPartOf\":{\"@id\":\"https:\\\/\\\/upwego.lv\\\/#website\"},\"primaryImageOfPage\":{\"@id\":\"https:\\\/\\\/upwego.lv\\\/product\\\/davanu-karte-tandema-lidojumam\\\/#primaryimage\"},\"image\":{\"@id\":\"https:\\\/\\\/upwego.lv\\\/product\\\/davanu-karte-tandema-lidojumam\\\/#primaryimage\"},\"thumbnailUrl\":\"https:\\\/\\\/upwego.lv\\\/wp-content\\\/uploads\\\/2025\\\/07\\\/DKUWG.png\",\"datePublished\":\"2025-07-08T13:17:06+00:00\",\"dateModified\":\"2026-03-09T17:12:08+00:00\",\"description\":\"Lidojums kop\u0101 ar instruktoru. Tas ir parapl\u0101nu tand\u0113ma lidojums visiem, kuri v\u0113las izbaud\u012bt lido\u0161anu dro\u0161\u0101s pieredz\u0113ju\u0161a pilota rok\u0101s.\",\"breadcrumb\":{\"@id\":\"https:\\\/\\\/upwego.lv\\\/product\\\/davanu-karte-tandema-lidojumam\\\/#breadcrumb\"},\"inLanguage\":\"en-US\",\"potentialAction\":[{\"@type\":\"ReadAction\",\"target\":[\"https:\\\/\\\/upwego.lv\\\/product\\\/davanu-karte-tandema-lidojumam\\\/\"]}]},{\"@type\":\"ImageObject\",\"inLanguage\":\"en-US\",\"@id\":\"https:\\\/\\\/upwego.lv\\\/product\\\/davanu-karte-tandema-lidojumam\\\/#primaryimage\",\"url\":\"https:\\\/\\\/upwego.lv\\\/wp-content\\\/uploads\\\/2025\\\/07\\\/DKUWG.png\",\"contentUrl\":\"https:\\\/\\\/upwego.lv\\\/wp-content\\\/uploads\\\/2025\\\/07\\\/DKUWG.png\",\"width\":1080,\"height\":1063},{\"@type\":\"BreadcrumbList\",\"@id\":\"https:\\\/\\\/upwego.lv\\\/product\\\/davanu-karte-tandema-lidojumam\\\/#breadcrumb\",\"itemListElement\":[{\"@type\":\"ListItem\",\"position\":1,\"name\":\"Home\",\"item\":\"https:\\\/\\\/upwego.lv\\\/\"},{\"@type\":\"ListItem\",\"position\":2,\"name\":\"Shop\",\"item\":\"https:\\\/\\\/upwego.lv\\\/shop\\\/\"},{\"@type\":\"ListItem\",\"position\":3,\"name\":\"D\u0101vanu karte tand\u0113ma lidojumam\"}]},{\"@type\":\"WebSite\",\"@id\":\"https:\\\/\\\/upwego.lv\\\/#website\",\"url\":\"https:\\\/\\\/upwego.lv\\\/\",\"name\":\"Up We Go\",\"description\":\"Patst\u0101v\u012bgu parapl\u0101nu pilotu skola\",\"publisher\":{\"@id\":\"https:\\\/\\\/upwego.lv\\\/#organization\"},\"potentialAction\":[{\"@type\":\"SearchAction\",\"target\":{\"@type\":\"EntryPoint\",\"urlTemplate\":\"https:\\\/\\\/upwego.lv\\\/?s={search_term_string}\"},\"query-input\":{\"@type\":\"PropertyValueSpecification\",\"valueRequired\":true,\"valueName\":\"search_term_string\"}}],\"inLanguage\":\"en-US\"},{\"@type\":\"Organization\",\"@id\":\"https:\\\/\\\/upwego.lv\\\/#organization\",\"name\":\"Up We Go\",\"url\":\"https:\\\/\\\/upwego.lv\\\/\",\"logo\":{\"@type\":\"ImageObject\",\"inLanguage\":\"en-US\",\"@id\":\"https:\\\/\\\/upwego.lv\\\/#\\\/schema\\\/logo\\\/image\\\/\",\"url\":\"https:\\\/\\\/upwego.lv\\\/wp-content\\\/uploads\\\/2025\\\/01\\\/uwg-logo-white.png\",\"contentUrl\":\"https:\\\/\\\/upwego.lv\\\/wp-content\\\/uploads\\\/2025\\\/01\\\/uwg-logo-white.png\",\"width\":1175,\"height\":747,\"caption\":\"Up We Go\"},\"image\":{\"@id\":\"https:\\\/\\\/upwego.lv\\\/#\\\/schema\\\/logo\\\/image\\\/\"},\"sameAs\":[\"https:\\\/\\\/www.facebook.com\\\/upwego\\\/\",\"https:\\\/\\\/www.instagram.com\\\/upwego.paragliding\\\/\"]}]}<\/script>\n<!-- \/ Yoast SEO plugin. -->","yoast_head_json":{"title":"D\u0101vanu karte tand\u0113ma lidojumam - Up We Go","description":"Lidojums kop\u0101 ar instruktoru. Tas ir parapl\u0101nu tand\u0113ma lidojums visiem, kuri v\u0113las izbaud\u012bt lido\u0161anu dro\u0161\u0101s pieredz\u0113ju\u0161a pilota rok\u0101s.","robots":{"index":"index","follow":"follow","max-snippet":"max-snippet:-1","max-image-preview":"max-image-preview:large","max-video-preview":"max-video-preview:-1"},"canonical":"https:\/\/upwego.lv\/en\/product\/davanu-karte-tandema-lidojumam\/","og_locale":"en_US","og_type":"article","og_title":"D\u0101vanu karte tand\u0113ma lidojumam - Up We Go","og_description":"Lidojums kop\u0101 ar instruktoru. Tas ir parapl\u0101nu tand\u0113ma lidojums visiem, kuri v\u0113las izbaud\u012bt lido\u0161anu dro\u0161\u0101s pieredz\u0113ju\u0161a pilota rok\u0101s.","og_url":"https:\/\/upwego.lv\/en\/product\/davanu-karte-tandema-lidojumam\/","og_site_name":"Up We Go","article_publisher":"https:\/\/www.facebook.com\/upwego\/","article_modified_time":"2026-03-09T17:12:08+00:00","og_image":[{"width":1080,"height":1063,"url":"https:\/\/upwego.lv\/wp-content\/uploads\/2025\/07\/DKUWG.png","type":"image\/png"}],"twitter_card":"summary_large_image","twitter_misc":{"Est. reading time":"1 minute"},"schema":{"@context":"https:\/\/schema.org","@graph":[{"@type":"WebPage","@id":"https:\/\/upwego.lv\/product\/davanu-karte-tandema-lidojumam\/","url":"https:\/\/upwego.lv\/product\/davanu-karte-tandema-lidojumam\/","name":"D\u0101vanu karte tand\u0113ma lidojumam - Up We Go","isPartOf":{"@id":"https:\/\/upwego.lv\/#website"},"primaryImageOfPage":{"@id":"https:\/\/upwego.lv\/product\/davanu-karte-tandema-lidojumam\/#primaryimage"},"image":{"@id":"https:\/\/upwego.lv\/product\/davanu-karte-tandema-lidojumam\/#primaryimage"},"thumbnailUrl":"https:\/\/upwego.lv\/wp-content\/uploads\/2025\/07\/DKUWG.png","datePublished":"2025-07-08T13:17:06+00:00","dateModified":"2026-03-09T17:12:08+00:00","description":"Lidojums kop\u0101 ar instruktoru. Tas ir parapl\u0101nu tand\u0113ma lidojums visiem, kuri v\u0113las izbaud\u012bt lido\u0161anu dro\u0161\u0101s pieredz\u0113ju\u0161a pilota rok\u0101s.","breadcrumb":{"@id":"https:\/\/upwego.lv\/product\/davanu-karte-tandema-lidojumam\/#breadcrumb"},"inLanguage":"en-US","potentialAction":[{"@type":"ReadAction","target":["https:\/\/upwego.lv\/product\/davanu-karte-tandema-lidojumam\/"]}]},{"@type":"ImageObject","inLanguage":"en-US","@id":"https:\/\/upwego.lv\/product\/davanu-karte-tandema-lidojumam\/#primaryimage","url":"https:\/\/upwego.lv\/wp-content\/uploads\/2025\/07\/DKUWG.png","contentUrl":"https:\/\/upwego.lv\/wp-content\/uploads\/2025\/07\/DKUWG.png","width":1080,"height":1063},{"@type":"BreadcrumbList","@id":"https:\/\/upwego.lv\/product\/davanu-karte-tandema-lidojumam\/#breadcrumb","itemListElement":[{"@type":"ListItem","position":1,"name":"Home","item":"https:\/\/upwego.lv\/"},{"@type":"ListItem","position":2,"name":"Shop","item":"https:\/\/upwego.lv\/shop\/"},{"@type":"ListItem","position":3,"name":"D\u0101vanu karte tand\u0113ma lidojumam"}]},{"@type":"WebSite","@id":"https:\/\/upwego.lv\/#website","url":"https:\/\/upwego.lv\/","name":"Up We Go","description":"Patst\u0101v\u012bgu parapl\u0101nu pilotu skola","publisher":{"@id":"https:\/\/upwego.lv\/#organization"},"potentialAction":[{"@type":"SearchAction","target":{"@type":"EntryPoint","urlTemplate":"https:\/\/upwego.lv\/?s={search_term_string}"},"query-input":{"@type":"PropertyValueSpecification","valueRequired":true,"valueName":"search_term_string"}}],"inLanguage":"en-US"},{"@type":"Organization","@id":"https:\/\/upwego.lv\/#organization","name":"Up We Go","url":"https:\/\/upwego.lv\/","logo":{"@type":"ImageObject","inLanguage":"en-US","@id":"https:\/\/upwego.lv\/#\/schema\/logo\/image\/","url":"https:\/\/upwego.lv\/wp-content\/uploads\/2025\/01\/uwg-logo-white.png","contentUrl":"https:\/\/upwego.lv\/wp-content\/uploads\/2025\/01\/uwg-logo-white.png","width":1175,"height":747,"caption":"Up We Go"},"image":{"@id":"https:\/\/upwego.lv\/#\/schema\/logo\/image\/"},"sameAs":["https:\/\/www.facebook.com\/upwego\/","https:\/\/www.instagram.com\/upwego.paragliding\/"]}]}},"featured_media_urls":{"thumbnail":["https:\/\/upwego.lv\/wp-content\/uploads\/2025\/07\/DKUWG-150x150.png",150,150,true],"medium":["https:\/\/upwego.lv\/wp-content\/uploads\/2025\/07\/DKUWG-300x295.png",300,295,true],"medium_large":["https:\/\/upwego.lv\/wp-content\/uploads\/2025\/07\/DKUWG-768x756.png",768,756,true],"large":["https:\/\/upwego.lv\/wp-content\/uploads\/2025\/07\/DKUWG-1024x1008.png",1024,1008,true],"1536x1536":["https:\/\/upwego.lv\/wp-content\/uploads\/2025\/07\/DKUWG.png",1080,1063,false],"2048x2048":["https:\/\/upwego.lv\/wp-content\/uploads\/2025\/07\/DKUWG.png",1080,1063,false],"trp-custom-language-flag":["https:\/\/upwego.lv\/wp-content\/uploads\/2025\/07\/DKUWG-12x12.png",12,12,true],"kubio-fullhd":["https:\/\/upwego.lv\/wp-content\/uploads\/2025\/07\/DKUWG.png",1080,1063,false],"woocommerce_thumbnail":["https:\/\/upwego.lv\/wp-content\/uploads\/2025\/07\/DKUWG-300x300.png",300,300,true],"woocommerce_single":["https:\/\/upwego.lv\/wp-content\/uploads\/2025\/07\/DKUWG-600x591.png",600,591,true],"woocommerce_gallery_thumbnail":["https:\/\/upwego.lv\/wp-content\/uploads\/2025\/07\/DKUWG-100x100.png",100,100,true],"portfolio_item-thumbnail":["https:\/\/upwego.lv\/wp-content\/uploads\/2025\/07\/DKUWG.png",406,400,false],"portfolio_item-thumbnail@2x":["https:\/\/upwego.lv\/wp-content\/uploads\/2025\/07\/DKUWG.png",813,800,false],"portfolio_item-masonry":["https:\/\/upwego.lv\/wp-content\/uploads\/2025\/07\/DKUWG.png",600,591,false],"portfolio_item-masonry@2x":["https:\/\/upwego.lv\/wp-content\/uploads\/2025\/07\/DKUWG.png",1080,1063,false],"portfolio_item-thumbnail_cinema":["https:\/\/upwego.lv\/wp-content\/uploads\/2025\/07\/DKUWG.png",340,335,false],"portfolio_item-thumbnail_portrait":["https:\/\/upwego.lv\/wp-content\/uploads\/2025\/07\/DKUWG.png",600,591,false],"portfolio_item-thumbnail_portrait@2x":["https:\/\/upwego.lv\/wp-content\/uploads\/2025\/07\/DKUWG.png",1080,1063,false],"portfolio_item-thumbnail_square":["https:\/\/upwego.lv\/wp-content\/uploads\/2025\/07\/DKUWG.png",800,787,false]},"_links":{"self":[{"href":"https:\/\/upwego.lv\/en\/wp-json\/wp\/v2\/product\/1709","targetHints":{"allow":["GET"]}}],"collection":[{"href":"https:\/\/upwego.lv\/en\/wp-json\/wp\/v2\/product"}],"about":[{"href":"https:\/\/upwego.lv\/en\/wp-json\/wp\/v2\/types\/product"}],"replies":[{"embeddable":true,"href":"https:\/\/upwego.lv\/en\/wp-json\/wp\/v2\/comments?post=1709"}],"wp:featuredmedia":[{"embeddable":true,"href":"https:\/\/upwego.lv\/en\/wp-json\/wp\/v2\/media\/2529"}],"wp:attachment":[{"href":"https:\/\/upwego.lv\/en\/wp-json\/wp\/v2\/media?parent=1709"}],"wp:term":[{"taxonomy":"product_brand","embeddable":true,"href":"https:\/\/upwego.lv\/en\/wp-json\/wp\/v2\/product_brand?post=1709"},{"taxonomy":"product_cat","embeddable":true,"href":"https:\/\/upwego.lv\/en\/wp-json\/wp\/v2\/product_cat?post=1709"},{"taxonomy":"product_tag","embeddable":true,"href":"https:\/\/upwego.lv\/en\/wp-json\/wp\/v2\/product_tag?post=1709"}],"curies":[{"name":"wp","href":"https:\/\/api.w.org\/{rel}","templated":true}]}}