{"id":8,"date":"2023-03-07T03:36:08","date_gmt":"2023-03-07T03:36:08","guid":{"rendered":"https:\/\/upwego.lv\/?page_id=8"},"modified":"2025-05-24T00:03:03","modified_gmt":"2025-05-23T21:03:03","slug":"commingsoon","status":"publish","type":"page","link":"https:\/\/upwego.lv\/en\/commingsoon\/","title":{"rendered":"Galven\u0101"},"content":{"rendered":"<h1>Ieskaties<\/h1>\n<p>\t\t\t\t\t\t\t\t\t\t\t\t\t\t\t\t<a href=\"https:\/\/upwego.lv\/tandemi\/\"><br \/>\n\t\t\t\t\t\t\t<img loading=\"lazy\" decoding=\"async\" width=\"768\" height=\"576\" src=\"https:\/\/upwego.lv\/wp-content\/uploads\/2023\/07\/20220810_211614-768x576.jpg\" alt=\"\" srcset=\"https:\/\/upwego.lv\/wp-content\/uploads\/2023\/07\/20220810_211614-768x576.jpg 768w, https:\/\/upwego.lv\/wp-content\/uploads\/2023\/07\/20220810_211614-300x225.jpg 300w, https:\/\/upwego.lv\/wp-content\/uploads\/2023\/07\/20220810_211614-1024x768.jpg 1024w, https:\/\/upwego.lv\/wp-content\/uploads\/2023\/07\/20220810_211614-1536x1152.jpg 1536w, https:\/\/upwego.lv\/wp-content\/uploads\/2023\/07\/20220810_211614-2048x1536.jpg 2048w, https:\/\/upwego.lv\/wp-content\/uploads\/2023\/07\/20220810_211614-scaled-2000x1500.jpg 2000w\" sizes=\"100vw\" \/>\t\t\t\t\t\t\t\t<\/a><\/p>\n<h2>Tand\u0113ma lidojumi<\/h2>\n<p>\t\t\t\t\t<a href=\"https:\/\/upwego.lv\/tandemi\/\"><br \/>\n\t\t\t\t\t\t\t\t\tUzzin\u0101t vair\u0101k<br \/>\n\t\t\t\t\t<\/a><br \/>\n\t\t\t\t\t\t\t\t\t\t\t\t\t\t\t\t<a href=\"https:\/\/upwego.lv\/apmaciba\/\"><br \/>\n\t\t\t\t\t\t\t<img loading=\"lazy\" decoding=\"async\" width=\"225\" height=\"300\" src=\"https:\/\/upwego.lv\/wp-content\/uploads\/2023\/07\/20220705_185329-225x300.jpg\" alt=\"UP WE GO paraplanierisma skola paragliding paraplani apmaciba lidot\" srcset=\"https:\/\/upwego.lv\/wp-content\/uploads\/2023\/07\/20220705_185329-225x300.jpg 225w, https:\/\/upwego.lv\/wp-content\/uploads\/2023\/07\/20220705_185329-768x1024.jpg 768w, https:\/\/upwego.lv\/wp-content\/uploads\/2023\/07\/20220705_185329-1152x1536.jpg 1152w, https:\/\/upwego.lv\/wp-content\/uploads\/2023\/07\/20220705_185329-scaled-1536x2048.jpg 1536w, https:\/\/upwego.lv\/wp-content\/uploads\/2023\/07\/20220705_185329-scaled.jpg 1920w\" sizes=\"100vw\" \/>\t\t\t\t\t\t\t\t<\/a><\/p>\n<h2>Pilotu apm\u0101c\u012bbas<\/h2>\n<p>\t\t\t\t\t<a href=\"https:\/\/upwego.lv\/apmaciba\/\"><br \/>\n\t\t\t\t\t\t\t\t\tUzzin\u0101t vair\u0101k<br \/>\n\t\t\t\t\t<\/a><br \/>\n\t\t\t\t\t\t\t\t\t\t\t\t\t\t\t<img loading=\"lazy\" decoding=\"async\" width=\"950\" height=\"687\" src=\"https:\/\/upwego.lv\/wp-content\/uploads\/2024\/12\/IMG_8094-scaled-e1733841413423-1024x740.jpg\" alt=\"\" srcset=\"https:\/\/upwego.lv\/wp-content\/uploads\/2024\/12\/IMG_8094-scaled-e1733841413423-1024x740.jpg 1024w, https:\/\/upwego.lv\/wp-content\/uploads\/2024\/12\/IMG_8094-scaled-e1733841413423-300x217.jpg 300w, https:\/\/upwego.lv\/wp-content\/uploads\/2024\/12\/IMG_8094-scaled-e1733841413423-768x555.jpg 768w, https:\/\/upwego.lv\/wp-content\/uploads\/2024\/12\/IMG_8094-scaled-e1733841413423.jpg 1440w\" sizes=\"100vw\" \/>\t\t\t\t\t\t\t\t\t\t\t\t\t\t\t<\/p>\n<h2>Parakaiti<\/h2>\n<p>\t\t\t\t\t<a href=\"https:\/\/upwego.lv\/parakaiti\/\"><br \/>\n\t\t\t\t\t\t\t\t\tUzzin\u0101t vair\u0101k<br \/>\n\t\t\t\t\t<\/a><\/p>\n<h1>Par mums<\/h1>\n<p>\u00a0<\/p>\n<p data-start=\"107\" data-end=\"462\"><strong data-start=\"107\" data-end=\"219\">Upwego parapl\u0101na klubs ir \u012bsta vieta visiem, kas alkst p\u0113c br\u012bv\u012bbas saj\u016btas un aizraujo\u0161iem piedz\u012bvojumiem!<\/strong> No pirm\u0101 br\u012b\u017ea j\u016btams, ka komanda ir profesion\u0101la, zino\u0161a un patiesi aizraut\u012bga par lido\u0161anu. Instruktori ir ne tikai pieredz\u0113ju\u0161i, bet ar\u012b \u013coti draudz\u012bgi un atbalsto\u0161i \u2013 ar vi\u0146iem j\u016bties dro\u0161i gan pirmaj\u0101 lidojum\u0101, gan v\u0113l\u0101kos piedz\u012bvojumos.<\/p>\n<p data-start=\"464\" data-end=\"735\">Kluba organiz\u0113tie tandemlidojumi un apm\u0101c\u012bbas ir lieliski piem\u0113roti gan ies\u0101c\u0113jiem, gan tiem, kas v\u0113las iedzi\u013cin\u0101ties parapl\u0101na pasaul\u0113. Viss tiek dar\u012bts ar lielu r\u016bp\u012bbu \u2013 s\u0101kot no dro\u0161\u012bbas instrukt\u0101\u017e\u0101m l\u012bdz pat saj\u016btu bag\u0101tam lidojumam virs Latvijas skaist\u0101s dabas.<\/p>\n<p data-start=\"737\" data-end=\"949\">Ja mekl\u0113 veidu, k\u0101 p\u0101rvar\u0113t savas robe\u017eas, izjust adrenal\u012bnu un izbaud\u012bt neticamus skatus no putna lidojuma skatu \u2013 <strong data-start=\"856\" data-end=\"866\">Upwego<\/strong> ir \u012bst\u0101 vieta ikvienam, kas v\u0113las kaut ko \u012bpa\u0161u un neaizmirstamu!<\/p>\n<h2>Atsauksmes<\/h2>\n<h3>\n\t\t\t\t\t\t\tRen\u0101rs<br \/>\n\t\t\t\t\t<\/h3>\n<p>\n\t\t\t\t\t\tLidojums ar Upwego bija vienk\u0101r\u0161i neaizmirstams!<br \/>\nSuper profesion\u0101la un draudz\u012bga komanda \u2013 viss tika izskaidrots saprotami, jutos dro\u0161i katr\u0101 br\u012bd\u012b. Lidojums virs Latvijas dabas bija k\u0101 sapnis \u2013 skati elpu aizraujo\u0161i! \ud83c\udf24\ufe0f\ud83e\ude82<br \/>\nJa k\u0101dreiz esi dom\u0101jis par parapl\u0101nu \u2013 noteikti iesaku Upwego! T\u0101 ir pieredze, ko atcer\u0113\u0161os visu m\u016b\u017eu. \ud83d\udc99 Paldies jums par br\u012bv\u012bbas saj\u016btu debes\u012bs! \ud83d\ude4c\t\t\t\t\t<\/p>\n<p>\t\t\t<meta itemprop=\"worstRating\" content=\"0\"><br \/>\n\t\t\t<meta itemprop=\"bestRating\" content=\"5\"><\/p>\n<h3>\n\t\t\t\t\t\t\tJuris<br \/>\n\t\t\t\t\t<\/h3>\n<p>\n\t\t\t\t\t\tEs pie vi\u0146iem atn\u0101cu ar sapni. T\u0101du, ko biju sev\u012b n\u0113s\u0101jis gadiem \u2014 iem\u0101c\u012bties lidot. Vi\u0146i pal\u012bdz\u0113ja man to piepild\u012bt. Soli pa solim, dro\u0161i, bez steigas, ar cie\u0146u.<br \/>\n&#8220;UpWeGo&#8221; nav tikai skola, tie ir cilv\u0113ki. Sirsn\u012bgi, atsauc\u012bgi, mier\u012bgi. Vi\u0146i m\u0101c\u0113ja gan iedro\u0161in\u0101t, gan kop\u0101 pasmieties, gan stingri pateikt, kad vajag sa\u0146emties. Tas ir retums \u2013 sastapt profesion\u0101\u013cus, kas vienlaikus ir tik cilv\u0113c\u012bgi. Vi\u0146u pieredze rada uztic\u012bbu, bet vi\u0146u attieksme \u2014 m\u0101j\u012bgumu.<br \/>\nInstruktori \u2013 \u012bsti sava aroda profesion\u0101\u013ci \u2013 ne tikai p\u0101rzina visu par dro\u0161\u012bbu, aerodinamiku un tehniku, bet ir ar\u012b sirsn\u012bgi, paciet\u012bgi un iedvesmojo\u0161i cilv\u0113ki, kas ar patiesu degsmi dal\u0101s sav\u0101s zin\u0101\u0161an\u0101s un prasm\u0113s.<br \/>\nUn tad pien\u0101ca br\u012bdis \u2013 pirmais patst\u0101v\u012bgais lidojums. Zeme paliek aiz muguras, un tu saproti \u2013 j\u0101, es lidoju! Un tas ir iesp\u0113jams tie\u0161i pateicoties \u0161iem cilv\u0113kiem.<br \/>\nEs nezinu, vai visp\u0101r ir v\u0101rdi, ar kuriem var izteikt to saj\u016btu, kad tu pirmo reizi patst\u0101v\u012bgi pacelies gais\u0101. Bet zinu vienu \u2013 bez &#8220;UpWeGo&#8221; tas neb\u016btu noticis.<br \/>\nSirsn\u012bgs paldies visai &#8220;UpWeGo&#8221; komandai. J\u016bs neesat tikai instruktori. J\u016bs esat cilv\u0113ki, kas pal\u012bdz citiem izaugt, atv\u0113rties, notic\u0113t. J\u016bs dar\u0101t pasauli skaist\u0101ku un cilv\u0113ku sap\u0146us re\u0101lus. Ja mekl\u0113jat ne tikai apm\u0101c\u012bbu, bet ar\u012b iedvesmu un emocijas, \u0161\u012b skola ir \u012bst\u0101 vieta. \ud83c\udf1f\ud83e\ude82\t\t\t\t\t<\/p>\n<p>\t\t\t<meta itemprop=\"worstRating\" content=\"0\"><br \/>\n\t\t\t<meta itemprop=\"bestRating\" content=\"5\"><\/p>\n<h3>\n\t\t\t\t\t\t\tEinars<br \/>\n\t\t\t\t\t<\/h3>\n<p>\n\t\t\t\t\t\tParapl\u0101nu skola UpWeGo izce\u013cas ar \u013coti draudz\u012bgiem un zino\u0161iem instruktoriem, individu\u0101lu pieeju studentam, k\u0101 ar\u012b laik\u0101 ne p\u0101r\u0101k ierobe\u017eotiem m\u0101c\u012bbu termi\u0146iem. Pat\u012bkami m\u0101c\u012bties un pavad\u012bt laiku kop\u0101.\t\t\t\t\t<\/p>\n<p>\t\t\t<meta itemprop=\"worstRating\" content=\"0\"><br \/>\n\t\t\t<meta itemprop=\"bestRating\" content=\"5\"><\/p>","protected":false},"excerpt":{"rendered":"<p>Ieskaties Tand\u0113ma lidojumi Uzzin\u0101t vair\u0101k Pilotu apm\u0101c\u012bbas Uzzin\u0101t vair\u0101k Parakaiti Uzzin\u0101t vair\u0101k Par mums \u00a0 Upwego parapl\u0101na klubs ir \u012bsta vieta visiem, kas alkst p\u0113c br\u012bv\u012bbas saj\u016btas un aizraujo\u0161iem piedz\u012bvojumiem! [&hellip;]<\/p>\n","protected":false},"author":2,"featured_media":0,"parent":0,"menu_order":0,"comment_status":"closed","ping_status":"closed","template":"elementor_header_footer","meta":{"saved_in_kubio":false,"footnotes":""},"class_list":["post-8","page","type-page","status-publish","hentry"],"kubio_ai_page_context":{"short_desc":"","purpose":"general"},"yoast_head":"<!-- This site is optimized with the Yoast SEO plugin v27.3 - https:\/\/yoast.com\/product\/yoast-seo-wordpress\/ -->\n<title>Galven\u0101 - Up We Go<\/title>\n<meta name=\"description\" content=\"Up We Go Galven\u0101\" \/>\n<meta name=\"robots\" content=\"index, follow, max-snippet:-1, max-image-preview:large, max-video-preview:-1\" \/>\n<link rel=\"canonical\" href=\"https:\/\/upwego.lv\/en\/commingsoon\/\" \/>\n<meta property=\"og:locale\" content=\"en_US\" \/>\n<meta property=\"og:type\" content=\"article\" \/>\n<meta property=\"og:title\" content=\"Galven\u0101 - Up We Go\" \/>\n<meta property=\"og:description\" content=\"Up We Go Galven\u0101\" \/>\n<meta property=\"og:url\" content=\"https:\/\/upwego.lv\/en\/commingsoon\/\" \/>\n<meta property=\"og:site_name\" content=\"Up We Go\" \/>\n<meta property=\"article:publisher\" content=\"https:\/\/www.facebook.com\/upwego\/\" \/>\n<meta property=\"article:modified_time\" content=\"2025-05-23T21:03:03+00:00\" \/>\n<meta property=\"og:image\" content=\"https:\/\/upwego.lv\/wp-content\/uploads\/2023\/07\/20220810_211614-768x576.jpg\" \/>\n<meta name=\"twitter:card\" content=\"summary_large_image\" \/>\n<meta name=\"twitter:label1\" content=\"Est. reading time\" \/>\n\t<meta name=\"twitter:data1\" content=\"3 minutes\" \/>\n<script type=\"application\/ld+json\" class=\"yoast-schema-graph\">{\"@context\":\"https:\\\/\\\/schema.org\",\"@graph\":[{\"@type\":\"WebPage\",\"@id\":\"https:\\\/\\\/upwego.lv\\\/commingsoon\\\/\",\"url\":\"https:\\\/\\\/upwego.lv\\\/commingsoon\\\/\",\"name\":\"Galven\u0101 - Up We Go\",\"isPartOf\":{\"@id\":\"https:\\\/\\\/upwego.lv\\\/#website\"},\"primaryImageOfPage\":{\"@id\":\"https:\\\/\\\/upwego.lv\\\/commingsoon\\\/#primaryimage\"},\"image\":{\"@id\":\"https:\\\/\\\/upwego.lv\\\/commingsoon\\\/#primaryimage\"},\"thumbnailUrl\":\"https:\\\/\\\/upwego.lv\\\/wp-content\\\/uploads\\\/2023\\\/07\\\/20220810_211614-768x576.jpg\",\"datePublished\":\"2023-03-07T03:36:08+00:00\",\"dateModified\":\"2025-05-23T21:03:03+00:00\",\"description\":\"Up We Go Galven\u0101\",\"breadcrumb\":{\"@id\":\"https:\\\/\\\/upwego.lv\\\/commingsoon\\\/#breadcrumb\"},\"inLanguage\":\"en-US\",\"potentialAction\":[{\"@type\":\"ReadAction\",\"target\":[\"https:\\\/\\\/upwego.lv\\\/commingsoon\\\/\"]}]},{\"@type\":\"ImageObject\",\"inLanguage\":\"en-US\",\"@id\":\"https:\\\/\\\/upwego.lv\\\/commingsoon\\\/#primaryimage\",\"url\":\"https:\\\/\\\/upwego.lv\\\/wp-content\\\/uploads\\\/2023\\\/07\\\/20220810_211614-768x576.jpg\",\"contentUrl\":\"https:\\\/\\\/upwego.lv\\\/wp-content\\\/uploads\\\/2023\\\/07\\\/20220810_211614-768x576.jpg\"},{\"@type\":\"BreadcrumbList\",\"@id\":\"https:\\\/\\\/upwego.lv\\\/commingsoon\\\/#breadcrumb\",\"itemListElement\":[{\"@type\":\"ListItem\",\"position\":1,\"name\":\"Home\",\"item\":\"https:\\\/\\\/upwego.lv\\\/\"},{\"@type\":\"ListItem\",\"position\":2,\"name\":\"Galven\u0101\"}]},{\"@type\":\"WebSite\",\"@id\":\"https:\\\/\\\/upwego.lv\\\/#website\",\"url\":\"https:\\\/\\\/upwego.lv\\\/\",\"name\":\"Up We Go\",\"description\":\"Patst\u0101v\u012bgu parapl\u0101nu pilotu skola\",\"publisher\":{\"@id\":\"https:\\\/\\\/upwego.lv\\\/#organization\"},\"potentialAction\":[{\"@type\":\"SearchAction\",\"target\":{\"@type\":\"EntryPoint\",\"urlTemplate\":\"https:\\\/\\\/upwego.lv\\\/?s={search_term_string}\"},\"query-input\":{\"@type\":\"PropertyValueSpecification\",\"valueRequired\":true,\"valueName\":\"search_term_string\"}}],\"inLanguage\":\"en-US\"},{\"@type\":\"Organization\",\"@id\":\"https:\\\/\\\/upwego.lv\\\/#organization\",\"name\":\"Up We Go\",\"url\":\"https:\\\/\\\/upwego.lv\\\/\",\"logo\":{\"@type\":\"ImageObject\",\"inLanguage\":\"en-US\",\"@id\":\"https:\\\/\\\/upwego.lv\\\/#\\\/schema\\\/logo\\\/image\\\/\",\"url\":\"https:\\\/\\\/upwego.lv\\\/wp-content\\\/uploads\\\/2025\\\/01\\\/uwg-logo-white.png\",\"contentUrl\":\"https:\\\/\\\/upwego.lv\\\/wp-content\\\/uploads\\\/2025\\\/01\\\/uwg-logo-white.png\",\"width\":1175,\"height\":747,\"caption\":\"Up We Go\"},\"image\":{\"@id\":\"https:\\\/\\\/upwego.lv\\\/#\\\/schema\\\/logo\\\/image\\\/\"},\"sameAs\":[\"https:\\\/\\\/www.facebook.com\\\/upwego\\\/\",\"https:\\\/\\\/www.instagram.com\\\/upwego.paragliding\\\/\"]}]}<\/script>\n<!-- \/ Yoast SEO plugin. -->","yoast_head_json":{"title":"Galven\u0101 - Up We Go","description":"Up We Go Galven\u0101","robots":{"index":"index","follow":"follow","max-snippet":"max-snippet:-1","max-image-preview":"max-image-preview:large","max-video-preview":"max-video-preview:-1"},"canonical":"https:\/\/upwego.lv\/en\/commingsoon\/","og_locale":"en_US","og_type":"article","og_title":"Galven\u0101 - Up We Go","og_description":"Up We Go Galven\u0101","og_url":"https:\/\/upwego.lv\/en\/commingsoon\/","og_site_name":"Up We Go","article_publisher":"https:\/\/www.facebook.com\/upwego\/","article_modified_time":"2025-05-23T21:03:03+00:00","og_image":[{"url":"https:\/\/upwego.lv\/wp-content\/uploads\/2023\/07\/20220810_211614-768x576.jpg","type":"","width":"","height":""}],"twitter_card":"summary_large_image","twitter_misc":{"Est. reading time":"3 minutes"},"schema":{"@context":"https:\/\/schema.org","@graph":[{"@type":"WebPage","@id":"https:\/\/upwego.lv\/commingsoon\/","url":"https:\/\/upwego.lv\/commingsoon\/","name":"Galven\u0101 - Up We Go","isPartOf":{"@id":"https:\/\/upwego.lv\/#website"},"primaryImageOfPage":{"@id":"https:\/\/upwego.lv\/commingsoon\/#primaryimage"},"image":{"@id":"https:\/\/upwego.lv\/commingsoon\/#primaryimage"},"thumbnailUrl":"https:\/\/upwego.lv\/wp-content\/uploads\/2023\/07\/20220810_211614-768x576.jpg","datePublished":"2023-03-07T03:36:08+00:00","dateModified":"2025-05-23T21:03:03+00:00","description":"Up We Go Galven\u0101","breadcrumb":{"@id":"https:\/\/upwego.lv\/commingsoon\/#breadcrumb"},"inLanguage":"en-US","potentialAction":[{"@type":"ReadAction","target":["https:\/\/upwego.lv\/commingsoon\/"]}]},{"@type":"ImageObject","inLanguage":"en-US","@id":"https:\/\/upwego.lv\/commingsoon\/#primaryimage","url":"https:\/\/upwego.lv\/wp-content\/uploads\/2023\/07\/20220810_211614-768x576.jpg","contentUrl":"https:\/\/upwego.lv\/wp-content\/uploads\/2023\/07\/20220810_211614-768x576.jpg"},{"@type":"BreadcrumbList","@id":"https:\/\/upwego.lv\/commingsoon\/#breadcrumb","itemListElement":[{"@type":"ListItem","position":1,"name":"Home","item":"https:\/\/upwego.lv\/"},{"@type":"ListItem","position":2,"name":"Galven\u0101"}]},{"@type":"WebSite","@id":"https:\/\/upwego.lv\/#website","url":"https:\/\/upwego.lv\/","name":"Up We Go","description":"Patst\u0101v\u012bgu parapl\u0101nu pilotu skola","publisher":{"@id":"https:\/\/upwego.lv\/#organization"},"potentialAction":[{"@type":"SearchAction","target":{"@type":"EntryPoint","urlTemplate":"https:\/\/upwego.lv\/?s={search_term_string}"},"query-input":{"@type":"PropertyValueSpecification","valueRequired":true,"valueName":"search_term_string"}}],"inLanguage":"en-US"},{"@type":"Organization","@id":"https:\/\/upwego.lv\/#organization","name":"Up We Go","url":"https:\/\/upwego.lv\/","logo":{"@type":"ImageObject","inLanguage":"en-US","@id":"https:\/\/upwego.lv\/#\/schema\/logo\/image\/","url":"https:\/\/upwego.lv\/wp-content\/uploads\/2025\/01\/uwg-logo-white.png","contentUrl":"https:\/\/upwego.lv\/wp-content\/uploads\/2025\/01\/uwg-logo-white.png","width":1175,"height":747,"caption":"Up We Go"},"image":{"@id":"https:\/\/upwego.lv\/#\/schema\/logo\/image\/"},"sameAs":["https:\/\/www.facebook.com\/upwego\/","https:\/\/www.instagram.com\/upwego.paragliding\/"]}]}},"featured_media_urls":[],"_links":{"self":[{"href":"https:\/\/upwego.lv\/en\/wp-json\/wp\/v2\/pages\/8","targetHints":{"allow":["GET"]}}],"collection":[{"href":"https:\/\/upwego.lv\/en\/wp-json\/wp\/v2\/pages"}],"about":[{"href":"https:\/\/upwego.lv\/en\/wp-json\/wp\/v2\/types\/page"}],"author":[{"embeddable":true,"href":"https:\/\/upwego.lv\/en\/wp-json\/wp\/v2\/users\/2"}],"replies":[{"embeddable":true,"href":"https:\/\/upwego.lv\/en\/wp-json\/wp\/v2\/comments?post=8"}],"version-history":[{"count":135,"href":"https:\/\/upwego.lv\/en\/wp-json\/wp\/v2\/pages\/8\/revisions"}],"predecessor-version":[{"id":917,"href":"https:\/\/upwego.lv\/en\/wp-json\/wp\/v2\/pages\/8\/revisions\/917"}],"wp:attachment":[{"href":"https:\/\/upwego.lv\/en\/wp-json\/wp\/v2\/media?parent=8"}],"curies":[{"name":"wp","href":"https:\/\/api.w.org\/{rel}","templated":true}]}}