{"id":475,"date":"2025-05-18T20:49:08","date_gmt":"2025-05-18T17:49:08","guid":{"rendered":"https:\/\/upwego.lv\/?page_id=475"},"modified":"2025-05-31T19:11:41","modified_gmt":"2025-05-31T16:11:41","slug":"info","status":"publish","type":"page","link":"https:\/\/upwego.lv\/en\/info\/","title":{"rendered":"Info"},"content":{"rendered":"<p><!-- Ievieto WordPress Custom HTML blok\u0101 --><\/p>\n<link rel=\"stylesheet\" href=\"https:\/\/cdnjs.cloudflare.com\/ajax\/libs\/font-awesome\/6.5.0\/css\/all.min.css\" \/>\n<style>\n* {\n  box-sizing: border-box;\n  margin: 0;\n  padding: 0;\n}\nhtml, body {\n  font-family: 'Segoe UI', sans-serif;\n}\nbody {\n  display: flex;\n  justify-content: center;\n  align-items: center;\n  background: url('https:\/\/i.postimg.cc\/QN799d3X\/1-Uz-kl-ja1.jpg') no-repeat center center fixed;\n  background-size: cover;\n  min-height: 100vh;\n  padding: 20px;\n}\n.card {\n  background: rgba(255, 255, 255, 0.1);\n  backdrop-filter: blur(12px);\n  -webkit-backdrop-filter: blur(12px);\n  border-radius: 20px;\n  padding: 30px 20px;\n  width: 100%;\n  max-width: 400px;\n  text-align: center;\n  box-shadow: 0 8px 32px rgba(0, 0, 0, 0.25);\n  color: #fff;\n}\n.profile-img {\n  width: 120px;\n  height: 120px;\n  border-radius: 50%;\n  object-fit: cover;\n  border: 3px solid rgba(255, 255, 255, 0.6);\n  margin-bottom: 15px;\n  animation: float 3s ease-in-out infinite;\n}\n@keyframes float {\n  0% { transform: translateY(0); }\n  50% { transform: translateY(-10px); }\n  100% { transform: translateY(0); }\n}\nh1 {\n  font-size: 24px;\n  font-weight: 600;\n  margin-bottom: 5px;\n}\nh2 {\n  font-size: 15px;\n  font-weight: 400;\n  color: #fff;\n  margin-bottom: 10px;\n}\n.phone, .website {\n  font-size: 14px;\n  margin-bottom: 10px;\n  color: #fff;\n}\n.website a {\n  color: #aee3ff;\n  text-decoration: none;\n}\n.website a:hover {\n  text-decoration: underline;\n}\n.socials {\n  display: flex;\n  justify-content: center;\n  gap: 15px;\n  margin-top: 15px;\n}\n.social-icon {\n  width: 48px;\n  height: 48px;\n  border-radius: 50%;\n  color: white;\n  display: flex;\n  justify-content: center;\n  align-items: center;\n  font-size: 22px;\n  text-decoration: none;\n  transition: transform 0.3s ease, box-shadow 0.3s ease;\n}\n.social-icon:hover {\n  transform: scale(1.15);\n  box-shadow: 0 0 12px rgba(255, 255, 255, 0.6);\n}\n.instagram {\n  background: radial-gradient(circle at 30% 30%, #feda75, #d62976, #962fbf, #4f5bd5);\n}\n.facebook {\n  background-color: #1877f2;\n}\n.tiktok {\n  background: linear-gradient(135deg, #ff0050, #00f2ea);\n}\n@media (max-width: 500px) {\n  .card {\n    padding: 20px 15px;\n  }\n  h1 {\n    font-size: 20px;\n  }\n  h2 {\n    font-size: 13px;\n  }\n}\n<\/style>\n<div class=\"card\">\n  <img decoding=\"async\" src=\"https:\/\/i.postimg.cc\/sXYzz8kR\/474324657-122226388742017589-5393969461193990113-n-1.jpg\" alt=\"Profila bilde\" class=\"profile-img\"><\/p>\n<h1>Up We Go<\/h1>\n<h2>Tand\u0113mu lidojumi, parpal\u0101nu pilotu apm\u0101c\u012bbas<\/h2>\n<div class=\"phone\">\ud83d\udcde +371 27 707 072<\/div>\n<div class=\"website\">\ud83c\udf10 <a href=\"https:\/\/upwego.lv\/\" target=\"_blank\">www.upwego.lv<\/a><\/div>\n<div class=\"socials\">\n    <a href=\"https:\/\/www.instagram.com\/upwego.paragliding\" class=\"social-icon instagram\" target=\"_blank\"><br \/>\n      <i class=\"fab fa-instagram\"><\/i><br \/>\n    <\/a><br \/>\n    <a href=\"https:\/\/www.facebook.com\/upwego\" class=\"social-icon facebook\" target=\"_blank\"><br \/>\n      <i class=\"fab fa-facebook-f\"><\/i><br \/>\n    <\/a>\n  <\/div>\n<\/div>","protected":false},"excerpt":{"rendered":"<p>Up We Go Tand\u0113mu lidojumi, parpal\u0101nu pilotu apm\u0101c\u012bbas \ud83d\udcde +371 27 707 072 \ud83c\udf10 www.upwego.lv<\/p>","protected":false},"author":2,"featured_media":0,"parent":0,"menu_order":0,"comment_status":"closed","ping_status":"closed","template":"full-width","meta":{"saved_in_kubio":true,"footnotes":""},"class_list":["post-475","page","type-page","status-publish","hentry"],"kubio_ai_page_context":{"short_desc":"","purpose":"general"},"yoast_head":"<!-- This site is optimized with the Yoast SEO plugin v27.3 - https:\/\/yoast.com\/product\/yoast-seo-wordpress\/ -->\n<title>Info - Up We Go<\/title>\n<meta name=\"description\" content=\"Up We Go Info\" \/>\n<meta name=\"robots\" content=\"index, follow, max-snippet:-1, max-image-preview:large, max-video-preview:-1\" \/>\n<link rel=\"canonical\" href=\"https:\/\/upwego.lv\/en\/info\/\" \/>\n<meta property=\"og:locale\" content=\"en_US\" \/>\n<meta property=\"og:type\" content=\"article\" \/>\n<meta property=\"og:title\" content=\"Info - Up We Go\" \/>\n<meta property=\"og:description\" content=\"Up We Go Info\" \/>\n<meta property=\"og:url\" content=\"https:\/\/upwego.lv\/en\/info\/\" \/>\n<meta property=\"og:site_name\" content=\"Up We Go\" \/>\n<meta property=\"article:publisher\" content=\"https:\/\/www.facebook.com\/upwego\/\" \/>\n<meta property=\"article:modified_time\" content=\"2025-05-31T16:11:41+00:00\" \/>\n<meta property=\"og:image\" content=\"https:\/\/i.postimg.cc\/sXYzz8kR\/474324657-122226388742017589-5393969461193990113-n-1.jpg\" \/>\n<meta name=\"twitter:card\" content=\"summary_large_image\" \/>\n<script type=\"application\/ld+json\" class=\"yoast-schema-graph\">{\"@context\":\"https:\\\/\\\/schema.org\",\"@graph\":[{\"@type\":\"WebPage\",\"@id\":\"https:\\\/\\\/upwego.lv\\\/info\\\/\",\"url\":\"https:\\\/\\\/upwego.lv\\\/info\\\/\",\"name\":\"Info - Up We Go\",\"isPartOf\":{\"@id\":\"https:\\\/\\\/upwego.lv\\\/#website\"},\"primaryImageOfPage\":{\"@id\":\"https:\\\/\\\/upwego.lv\\\/info\\\/#primaryimage\"},\"image\":{\"@id\":\"https:\\\/\\\/upwego.lv\\\/info\\\/#primaryimage\"},\"thumbnailUrl\":\"https:\\\/\\\/i.postimg.cc\\\/sXYzz8kR\\\/474324657-122226388742017589-5393969461193990113-n-1.jpg\",\"datePublished\":\"2025-05-18T17:49:08+00:00\",\"dateModified\":\"2025-05-31T16:11:41+00:00\",\"description\":\"Up We Go Info\",\"breadcrumb\":{\"@id\":\"https:\\\/\\\/upwego.lv\\\/info\\\/#breadcrumb\"},\"inLanguage\":\"en-US\",\"potentialAction\":[{\"@type\":\"ReadAction\",\"target\":[\"https:\\\/\\\/upwego.lv\\\/info\\\/\"]}]},{\"@type\":\"ImageObject\",\"inLanguage\":\"en-US\",\"@id\":\"https:\\\/\\\/upwego.lv\\\/info\\\/#primaryimage\",\"url\":\"https:\\\/\\\/i.postimg.cc\\\/sXYzz8kR\\\/474324657-122226388742017589-5393969461193990113-n-1.jpg\",\"contentUrl\":\"https:\\\/\\\/i.postimg.cc\\\/sXYzz8kR\\\/474324657-122226388742017589-5393969461193990113-n-1.jpg\"},{\"@type\":\"BreadcrumbList\",\"@id\":\"https:\\\/\\\/upwego.lv\\\/info\\\/#breadcrumb\",\"itemListElement\":[{\"@type\":\"ListItem\",\"position\":1,\"name\":\"Home\",\"item\":\"https:\\\/\\\/upwego.lv\\\/\"},{\"@type\":\"ListItem\",\"position\":2,\"name\":\"Info\"}]},{\"@type\":\"WebSite\",\"@id\":\"https:\\\/\\\/upwego.lv\\\/#website\",\"url\":\"https:\\\/\\\/upwego.lv\\\/\",\"name\":\"Up We Go\",\"description\":\"Patst\u0101v\u012bgu parapl\u0101nu pilotu skola\",\"publisher\":{\"@id\":\"https:\\\/\\\/upwego.lv\\\/#organization\"},\"potentialAction\":[{\"@type\":\"SearchAction\",\"target\":{\"@type\":\"EntryPoint\",\"urlTemplate\":\"https:\\\/\\\/upwego.lv\\\/?s={search_term_string}\"},\"query-input\":{\"@type\":\"PropertyValueSpecification\",\"valueRequired\":true,\"valueName\":\"search_term_string\"}}],\"inLanguage\":\"en-US\"},{\"@type\":\"Organization\",\"@id\":\"https:\\\/\\\/upwego.lv\\\/#organization\",\"name\":\"Up We Go\",\"url\":\"https:\\\/\\\/upwego.lv\\\/\",\"logo\":{\"@type\":\"ImageObject\",\"inLanguage\":\"en-US\",\"@id\":\"https:\\\/\\\/upwego.lv\\\/#\\\/schema\\\/logo\\\/image\\\/\",\"url\":\"https:\\\/\\\/upwego.lv\\\/wp-content\\\/uploads\\\/2025\\\/01\\\/uwg-logo-white.png\",\"contentUrl\":\"https:\\\/\\\/upwego.lv\\\/wp-content\\\/uploads\\\/2025\\\/01\\\/uwg-logo-white.png\",\"width\":1175,\"height\":747,\"caption\":\"Up We Go\"},\"image\":{\"@id\":\"https:\\\/\\\/upwego.lv\\\/#\\\/schema\\\/logo\\\/image\\\/\"},\"sameAs\":[\"https:\\\/\\\/www.facebook.com\\\/upwego\\\/\",\"https:\\\/\\\/www.instagram.com\\\/upwego.paragliding\\\/\"]}]}<\/script>\n<!-- \/ Yoast SEO plugin. -->","yoast_head_json":{"title":"Info - Up We Go","description":"Up We Go Info","robots":{"index":"index","follow":"follow","max-snippet":"max-snippet:-1","max-image-preview":"max-image-preview:large","max-video-preview":"max-video-preview:-1"},"canonical":"https:\/\/upwego.lv\/en\/info\/","og_locale":"en_US","og_type":"article","og_title":"Info - Up We Go","og_description":"Up We Go Info","og_url":"https:\/\/upwego.lv\/en\/info\/","og_site_name":"Up We Go","article_publisher":"https:\/\/www.facebook.com\/upwego\/","article_modified_time":"2025-05-31T16:11:41+00:00","og_image":[{"url":"https:\/\/i.postimg.cc\/sXYzz8kR\/474324657-122226388742017589-5393969461193990113-n-1.jpg","type":"","width":"","height":""}],"twitter_card":"summary_large_image","schema":{"@context":"https:\/\/schema.org","@graph":[{"@type":"WebPage","@id":"https:\/\/upwego.lv\/info\/","url":"https:\/\/upwego.lv\/info\/","name":"Info - Up We Go","isPartOf":{"@id":"https:\/\/upwego.lv\/#website"},"primaryImageOfPage":{"@id":"https:\/\/upwego.lv\/info\/#primaryimage"},"image":{"@id":"https:\/\/upwego.lv\/info\/#primaryimage"},"thumbnailUrl":"https:\/\/i.postimg.cc\/sXYzz8kR\/474324657-122226388742017589-5393969461193990113-n-1.jpg","datePublished":"2025-05-18T17:49:08+00:00","dateModified":"2025-05-31T16:11:41+00:00","description":"Up We Go Info","breadcrumb":{"@id":"https:\/\/upwego.lv\/info\/#breadcrumb"},"inLanguage":"en-US","potentialAction":[{"@type":"ReadAction","target":["https:\/\/upwego.lv\/info\/"]}]},{"@type":"ImageObject","inLanguage":"en-US","@id":"https:\/\/upwego.lv\/info\/#primaryimage","url":"https:\/\/i.postimg.cc\/sXYzz8kR\/474324657-122226388742017589-5393969461193990113-n-1.jpg","contentUrl":"https:\/\/i.postimg.cc\/sXYzz8kR\/474324657-122226388742017589-5393969461193990113-n-1.jpg"},{"@type":"BreadcrumbList","@id":"https:\/\/upwego.lv\/info\/#breadcrumb","itemListElement":[{"@type":"ListItem","position":1,"name":"Home","item":"https:\/\/upwego.lv\/"},{"@type":"ListItem","position":2,"name":"Info"}]},{"@type":"WebSite","@id":"https:\/\/upwego.lv\/#website","url":"https:\/\/upwego.lv\/","name":"Up We Go","description":"Patst\u0101v\u012bgu parapl\u0101nu pilotu skola","publisher":{"@id":"https:\/\/upwego.lv\/#organization"},"potentialAction":[{"@type":"SearchAction","target":{"@type":"EntryPoint","urlTemplate":"https:\/\/upwego.lv\/?s={search_term_string}"},"query-input":{"@type":"PropertyValueSpecification","valueRequired":true,"valueName":"search_term_string"}}],"inLanguage":"en-US"},{"@type":"Organization","@id":"https:\/\/upwego.lv\/#organization","name":"Up We Go","url":"https:\/\/upwego.lv\/","logo":{"@type":"ImageObject","inLanguage":"en-US","@id":"https:\/\/upwego.lv\/#\/schema\/logo\/image\/","url":"https:\/\/upwego.lv\/wp-content\/uploads\/2025\/01\/uwg-logo-white.png","contentUrl":"https:\/\/upwego.lv\/wp-content\/uploads\/2025\/01\/uwg-logo-white.png","width":1175,"height":747,"caption":"Up We Go"},"image":{"@id":"https:\/\/upwego.lv\/#\/schema\/logo\/image\/"},"sameAs":["https:\/\/www.facebook.com\/upwego\/","https:\/\/www.instagram.com\/upwego.paragliding\/"]}]}},"featured_media_urls":[],"_links":{"self":[{"href":"https:\/\/upwego.lv\/en\/wp-json\/wp\/v2\/pages\/475","targetHints":{"allow":["GET"]}}],"collection":[{"href":"https:\/\/upwego.lv\/en\/wp-json\/wp\/v2\/pages"}],"about":[{"href":"https:\/\/upwego.lv\/en\/wp-json\/wp\/v2\/types\/page"}],"author":[{"embeddable":true,"href":"https:\/\/upwego.lv\/en\/wp-json\/wp\/v2\/users\/2"}],"replies":[{"embeddable":true,"href":"https:\/\/upwego.lv\/en\/wp-json\/wp\/v2\/comments?post=475"}],"version-history":[{"count":49,"href":"https:\/\/upwego.lv\/en\/wp-json\/wp\/v2\/pages\/475\/revisions"}],"predecessor-version":[{"id":1450,"href":"https:\/\/upwego.lv\/en\/wp-json\/wp\/v2\/pages\/475\/revisions\/1450"}],"wp:attachment":[{"href":"https:\/\/upwego.lv\/en\/wp-json\/wp\/v2\/media?parent=475"}],"curies":[{"name":"wp","href":"https:\/\/api.w.org\/{rel}","templated":true}]}}