{"id":389,"date":"2025-04-08T16:20:34","date_gmt":"2025-04-08T13:20:34","guid":{"rendered":"https:\/\/upwego.lv\/?page_id=389"},"modified":"2026-01-22T13:21:39","modified_gmt":"2026-01-22T11:21:39","slug":"apmaciba","status":"publish","type":"page","link":"https:\/\/upwego.lv\/en\/apmaciba\/","title":{"rendered":"Pilotu apm\u0101c\u012bbas"},"content":{"rendered":"","protected":false},"excerpt":{"rendered":"","protected":false},"author":2,"featured_media":38,"parent":0,"menu_order":0,"comment_status":"closed","ping_status":"closed","template":"full-width","meta":{"saved_in_kubio":true,"footnotes":""},"class_list":["post-389","page","type-page","status-publish","has-post-thumbnail","hentry"],"kubio_ai_page_context":{"short_desc":"","purpose":"general"},"yoast_head":"<!-- This site is optimized with the Yoast SEO plugin v27.3 - https:\/\/yoast.com\/product\/yoast-seo-wordpress\/ -->\n<title>Pilotu apm\u0101c\u012bbas - Up We Go<\/title>\n<meta name=\"description\" content=\"Up We Go Pilotu apm\u0101c\u012bbas\" \/>\n<meta name=\"robots\" content=\"index, follow, max-snippet:-1, max-image-preview:large, max-video-preview:-1\" \/>\n<link rel=\"canonical\" href=\"https:\/\/upwego.lv\/en\/apmaciba\/\" \/>\n<meta property=\"og:locale\" content=\"en_US\" \/>\n<meta property=\"og:type\" content=\"article\" \/>\n<meta property=\"og:title\" content=\"Pilotu apm\u0101c\u012bbas - Up We Go\" \/>\n<meta property=\"og:description\" content=\"Up We Go Pilotu apm\u0101c\u012bbas\" \/>\n<meta property=\"og:url\" content=\"https:\/\/upwego.lv\/en\/apmaciba\/\" \/>\n<meta property=\"og:site_name\" content=\"Up We Go\" \/>\n<meta property=\"article:publisher\" content=\"https:\/\/www.facebook.com\/upwego\/\" \/>\n<meta property=\"article:modified_time\" content=\"2026-01-22T11:21:39+00:00\" \/>\n<meta property=\"og:image\" content=\"https:\/\/upwego.lv\/wp-content\/uploads\/2023\/07\/IMG_20190723_214414-scaled.jpg\" \/>\n\t<meta property=\"og:image:width\" content=\"2560\" \/>\n\t<meta property=\"og:image:height\" content=\"1920\" \/>\n\t<meta property=\"og:image:type\" content=\"image\/jpeg\" \/>\n<meta name=\"twitter:card\" content=\"summary_large_image\" \/>\n<meta name=\"twitter:label1\" content=\"Est. reading time\" \/>\n\t<meta name=\"twitter:data1\" content=\"1 minute\" \/>\n<script type=\"application\/ld+json\" class=\"yoast-schema-graph\">{\"@context\":\"https:\\\/\\\/schema.org\",\"@graph\":[{\"@type\":\"WebPage\",\"@id\":\"https:\\\/\\\/upwego.lv\\\/apmaciba\\\/\",\"url\":\"https:\\\/\\\/upwego.lv\\\/apmaciba\\\/\",\"name\":\"Pilotu apm\u0101c\u012bbas - Up We Go\",\"isPartOf\":{\"@id\":\"https:\\\/\\\/upwego.lv\\\/#website\"},\"primaryImageOfPage\":{\"@id\":\"https:\\\/\\\/upwego.lv\\\/apmaciba\\\/#primaryimage\"},\"image\":{\"@id\":\"https:\\\/\\\/upwego.lv\\\/apmaciba\\\/#primaryimage\"},\"thumbnailUrl\":\"https:\\\/\\\/upwego.lv\\\/wp-content\\\/uploads\\\/2023\\\/07\\\/IMG_20190723_214414-scaled.jpg\",\"datePublished\":\"2025-04-08T13:20:34+00:00\",\"dateModified\":\"2026-01-22T11:21:39+00:00\",\"description\":\"Up We Go Pilotu apm\u0101c\u012bbas\",\"breadcrumb\":{\"@id\":\"https:\\\/\\\/upwego.lv\\\/apmaciba\\\/#breadcrumb\"},\"inLanguage\":\"en-US\",\"potentialAction\":[{\"@type\":\"ReadAction\",\"target\":[\"https:\\\/\\\/upwego.lv\\\/apmaciba\\\/\"]}]},{\"@type\":\"ImageObject\",\"inLanguage\":\"en-US\",\"@id\":\"https:\\\/\\\/upwego.lv\\\/apmaciba\\\/#primaryimage\",\"url\":\"https:\\\/\\\/upwego.lv\\\/wp-content\\\/uploads\\\/2023\\\/07\\\/IMG_20190723_214414-scaled.jpg\",\"contentUrl\":\"https:\\\/\\\/upwego.lv\\\/wp-content\\\/uploads\\\/2023\\\/07\\\/IMG_20190723_214414-scaled.jpg\",\"width\":2560,\"height\":1920},{\"@type\":\"BreadcrumbList\",\"@id\":\"https:\\\/\\\/upwego.lv\\\/apmaciba\\\/#breadcrumb\",\"itemListElement\":[{\"@type\":\"ListItem\",\"position\":1,\"name\":\"Home\",\"item\":\"https:\\\/\\\/upwego.lv\\\/\"},{\"@type\":\"ListItem\",\"position\":2,\"name\":\"Pilotu apm\u0101c\u012bbas\"}]},{\"@type\":\"WebSite\",\"@id\":\"https:\\\/\\\/upwego.lv\\\/#website\",\"url\":\"https:\\\/\\\/upwego.lv\\\/\",\"name\":\"Up We Go\",\"description\":\"Patst\u0101v\u012bgu parapl\u0101nu pilotu skola\",\"publisher\":{\"@id\":\"https:\\\/\\\/upwego.lv\\\/#organization\"},\"potentialAction\":[{\"@type\":\"SearchAction\",\"target\":{\"@type\":\"EntryPoint\",\"urlTemplate\":\"https:\\\/\\\/upwego.lv\\\/?s={search_term_string}\"},\"query-input\":{\"@type\":\"PropertyValueSpecification\",\"valueRequired\":true,\"valueName\":\"search_term_string\"}}],\"inLanguage\":\"en-US\"},{\"@type\":\"Organization\",\"@id\":\"https:\\\/\\\/upwego.lv\\\/#organization\",\"name\":\"Up We Go\",\"url\":\"https:\\\/\\\/upwego.lv\\\/\",\"logo\":{\"@type\":\"ImageObject\",\"inLanguage\":\"en-US\",\"@id\":\"https:\\\/\\\/upwego.lv\\\/#\\\/schema\\\/logo\\\/image\\\/\",\"url\":\"https:\\\/\\\/upwego.lv\\\/wp-content\\\/uploads\\\/2025\\\/01\\\/uwg-logo-white.png\",\"contentUrl\":\"https:\\\/\\\/upwego.lv\\\/wp-content\\\/uploads\\\/2025\\\/01\\\/uwg-logo-white.png\",\"width\":1175,\"height\":747,\"caption\":\"Up We Go\"},\"image\":{\"@id\":\"https:\\\/\\\/upwego.lv\\\/#\\\/schema\\\/logo\\\/image\\\/\"},\"sameAs\":[\"https:\\\/\\\/www.facebook.com\\\/upwego\\\/\",\"https:\\\/\\\/www.instagram.com\\\/upwego.paragliding\\\/\"]}]}<\/script>\n<!-- \/ Yoast SEO plugin. -->","yoast_head_json":{"title":"Pilotu apm\u0101c\u012bbas - Up We Go","description":"Up We Go Pilotu apm\u0101c\u012bbas","robots":{"index":"index","follow":"follow","max-snippet":"max-snippet:-1","max-image-preview":"max-image-preview:large","max-video-preview":"max-video-preview:-1"},"canonical":"https:\/\/upwego.lv\/en\/apmaciba\/","og_locale":"en_US","og_type":"article","og_title":"Pilotu apm\u0101c\u012bbas - Up We Go","og_description":"Up We Go Pilotu apm\u0101c\u012bbas","og_url":"https:\/\/upwego.lv\/en\/apmaciba\/","og_site_name":"Up We Go","article_publisher":"https:\/\/www.facebook.com\/upwego\/","article_modified_time":"2026-01-22T11:21:39+00:00","og_image":[{"width":2560,"height":1920,"url":"https:\/\/upwego.lv\/wp-content\/uploads\/2023\/07\/IMG_20190723_214414-scaled.jpg","type":"image\/jpeg"}],"twitter_card":"summary_large_image","twitter_misc":{"Est. reading time":"1 minute"},"schema":{"@context":"https:\/\/schema.org","@graph":[{"@type":"WebPage","@id":"https:\/\/upwego.lv\/apmaciba\/","url":"https:\/\/upwego.lv\/apmaciba\/","name":"Pilotu apm\u0101c\u012bbas - Up We Go","isPartOf":{"@id":"https:\/\/upwego.lv\/#website"},"primaryImageOfPage":{"@id":"https:\/\/upwego.lv\/apmaciba\/#primaryimage"},"image":{"@id":"https:\/\/upwego.lv\/apmaciba\/#primaryimage"},"thumbnailUrl":"https:\/\/upwego.lv\/wp-content\/uploads\/2023\/07\/IMG_20190723_214414-scaled.jpg","datePublished":"2025-04-08T13:20:34+00:00","dateModified":"2026-01-22T11:21:39+00:00","description":"Up We Go Pilotu apm\u0101c\u012bbas","breadcrumb":{"@id":"https:\/\/upwego.lv\/apmaciba\/#breadcrumb"},"inLanguage":"en-US","potentialAction":[{"@type":"ReadAction","target":["https:\/\/upwego.lv\/apmaciba\/"]}]},{"@type":"ImageObject","inLanguage":"en-US","@id":"https:\/\/upwego.lv\/apmaciba\/#primaryimage","url":"https:\/\/upwego.lv\/wp-content\/uploads\/2023\/07\/IMG_20190723_214414-scaled.jpg","contentUrl":"https:\/\/upwego.lv\/wp-content\/uploads\/2023\/07\/IMG_20190723_214414-scaled.jpg","width":2560,"height":1920},{"@type":"BreadcrumbList","@id":"https:\/\/upwego.lv\/apmaciba\/#breadcrumb","itemListElement":[{"@type":"ListItem","position":1,"name":"Home","item":"https:\/\/upwego.lv\/"},{"@type":"ListItem","position":2,"name":"Pilotu apm\u0101c\u012bbas"}]},{"@type":"WebSite","@id":"https:\/\/upwego.lv\/#website","url":"https:\/\/upwego.lv\/","name":"Up We Go","description":"Patst\u0101v\u012bgu parapl\u0101nu pilotu skola","publisher":{"@id":"https:\/\/upwego.lv\/#organization"},"potentialAction":[{"@type":"SearchAction","target":{"@type":"EntryPoint","urlTemplate":"https:\/\/upwego.lv\/?s={search_term_string}"},"query-input":{"@type":"PropertyValueSpecification","valueRequired":true,"valueName":"search_term_string"}}],"inLanguage":"en-US"},{"@type":"Organization","@id":"https:\/\/upwego.lv\/#organization","name":"Up We Go","url":"https:\/\/upwego.lv\/","logo":{"@type":"ImageObject","inLanguage":"en-US","@id":"https:\/\/upwego.lv\/#\/schema\/logo\/image\/","url":"https:\/\/upwego.lv\/wp-content\/uploads\/2025\/01\/uwg-logo-white.png","contentUrl":"https:\/\/upwego.lv\/wp-content\/uploads\/2025\/01\/uwg-logo-white.png","width":1175,"height":747,"caption":"Up We Go"},"image":{"@id":"https:\/\/upwego.lv\/#\/schema\/logo\/image\/"},"sameAs":["https:\/\/www.facebook.com\/upwego\/","https:\/\/www.instagram.com\/upwego.paragliding\/"]}]}},"featured_media_urls":{"thumbnail":["https:\/\/upwego.lv\/wp-content\/uploads\/2023\/07\/IMG_20190723_214414-150x150.jpg",150,150,true],"medium":["https:\/\/upwego.lv\/wp-content\/uploads\/2023\/07\/IMG_20190723_214414-300x225.jpg",300,225,true],"medium_large":["https:\/\/upwego.lv\/wp-content\/uploads\/2023\/07\/IMG_20190723_214414-768x576.jpg",768,576,true],"large":["https:\/\/upwego.lv\/wp-content\/uploads\/2023\/07\/IMG_20190723_214414-1024x768.jpg",1024,768,true],"1536x1536":["https:\/\/upwego.lv\/wp-content\/uploads\/2023\/07\/IMG_20190723_214414-1536x1152.jpg",1536,1152,true],"2048x2048":["https:\/\/upwego.lv\/wp-content\/uploads\/2023\/07\/IMG_20190723_214414-2048x1536.jpg",2048,1536,true],"trp-custom-language-flag":["https:\/\/upwego.lv\/wp-content\/uploads\/2023\/07\/IMG_20190723_214414-scaled.jpg",16,12,false],"kubio-fullhd":["https:\/\/upwego.lv\/wp-content\/uploads\/2023\/07\/IMG_20190723_214414-scaled.jpg",1440,1080,false],"woocommerce_thumbnail":["https:\/\/upwego.lv\/wp-content\/uploads\/2023\/07\/IMG_20190723_214414-scaled-300x300.jpg",300,300,true],"woocommerce_single":["https:\/\/upwego.lv\/wp-content\/uploads\/2023\/07\/IMG_20190723_214414-scaled.jpg",600,450,false],"woocommerce_gallery_thumbnail":["https:\/\/upwego.lv\/wp-content\/uploads\/2023\/07\/IMG_20190723_214414-scaled-100x100.jpg",100,100,true],"portfolio_item-thumbnail":["https:\/\/upwego.lv\/wp-content\/uploads\/2023\/07\/IMG_20190723_214414-scaled.jpg",533,400,false],"portfolio_item-thumbnail@2x":["https:\/\/upwego.lv\/wp-content\/uploads\/2023\/07\/IMG_20190723_214414-scaled.jpg",1067,800,false],"portfolio_item-masonry":["https:\/\/upwego.lv\/wp-content\/uploads\/2023\/07\/IMG_20190723_214414-scaled.jpg",600,450,false],"portfolio_item-masonry@2x":["https:\/\/upwego.lv\/wp-content\/uploads\/2023\/07\/IMG_20190723_214414-scaled.jpg",1200,900,false],"portfolio_item-thumbnail_cinema":["https:\/\/upwego.lv\/wp-content\/uploads\/2023\/07\/IMG_20190723_214414-scaled.jpg",447,335,false],"portfolio_item-thumbnail_portrait":["https:\/\/upwego.lv\/wp-content\/uploads\/2023\/07\/IMG_20190723_214414-scaled.jpg",600,450,false],"portfolio_item-thumbnail_portrait@2x":["https:\/\/upwego.lv\/wp-content\/uploads\/2023\/07\/IMG_20190723_214414-scaled.jpg",1200,900,false],"portfolio_item-thumbnail_square":["https:\/\/upwego.lv\/wp-content\/uploads\/2023\/07\/IMG_20190723_214414-scaled.jpg",800,600,false]},"_links":{"self":[{"href":"https:\/\/upwego.lv\/en\/wp-json\/wp\/v2\/pages\/389","targetHints":{"allow":["GET"]}}],"collection":[{"href":"https:\/\/upwego.lv\/en\/wp-json\/wp\/v2\/pages"}],"about":[{"href":"https:\/\/upwego.lv\/en\/wp-json\/wp\/v2\/types\/page"}],"author":[{"embeddable":true,"href":"https:\/\/upwego.lv\/en\/wp-json\/wp\/v2\/users\/2"}],"replies":[{"embeddable":true,"href":"https:\/\/upwego.lv\/en\/wp-json\/wp\/v2\/comments?post=389"}],"version-history":[{"count":171,"href":"https:\/\/upwego.lv\/en\/wp-json\/wp\/v2\/pages\/389\/revisions"}],"predecessor-version":[{"id":2612,"href":"https:\/\/upwego.lv\/en\/wp-json\/wp\/v2\/pages\/389\/revisions\/2612"}],"wp:featuredmedia":[{"embeddable":true,"href":"https:\/\/upwego.lv\/en\/wp-json\/wp\/v2\/media\/38"}],"wp:attachment":[{"href":"https:\/\/upwego.lv\/en\/wp-json\/wp\/v2\/media?parent=389"}],"curies":[{"name":"wp","href":"https:\/\/api.w.org\/{rel}","templated":true}]}}