{"id":301,"date":"2024-12-10T09:14:06","date_gmt":"2024-12-10T07:14:06","guid":{"rendered":"https:\/\/upwego.lv\/?page_id=301"},"modified":"2026-03-02T20:24:52","modified_gmt":"2026-03-02T18:24:52","slug":"parakaiti","status":"publish","type":"page","link":"https:\/\/upwego.lv\/en\/parakaiti\/","title":{"rendered":"Parakaiti"},"content":{"rendered":"","protected":false},"excerpt":{"rendered":"","protected":false},"author":2,"featured_media":325,"parent":0,"menu_order":0,"comment_status":"closed","ping_status":"closed","template":"full-width","meta":{"saved_in_kubio":true,"footnotes":""},"class_list":["post-301","page","type-page","status-publish","has-post-thumbnail","hentry"],"kubio_ai_page_context":{"short_desc":"","purpose":"general"},"yoast_head":"<!-- This site is optimized with the Yoast SEO plugin v27.3 - https:\/\/yoast.com\/product\/yoast-seo-wordpress\/ -->\n<title>Parakaiti - Up We Go<\/title>\n<meta name=\"description\" content=\"Up We Go Parakaiti\" \/>\n<meta name=\"robots\" content=\"index, follow, max-snippet:-1, max-image-preview:large, max-video-preview:-1\" \/>\n<link rel=\"canonical\" href=\"https:\/\/upwego.lv\/en\/parakaiti\/\" \/>\n<meta property=\"og:locale\" content=\"en_US\" \/>\n<meta property=\"og:type\" content=\"article\" \/>\n<meta property=\"og:title\" content=\"Parakaiti - Up We Go\" \/>\n<meta property=\"og:description\" content=\"Up We Go Parakaiti\" \/>\n<meta property=\"og:url\" content=\"https:\/\/upwego.lv\/en\/parakaiti\/\" \/>\n<meta property=\"og:site_name\" content=\"Up We Go\" \/>\n<meta property=\"article:publisher\" content=\"https:\/\/www.facebook.com\/upwego\/\" \/>\n<meta property=\"article:modified_time\" content=\"2026-03-02T18:24:52+00:00\" \/>\n<meta property=\"og:image\" content=\"https:\/\/upwego.lv\/wp-content\/uploads\/2024\/12\/IMG_8094-scaled-e1733841413423.jpg\" \/>\n\t<meta property=\"og:image:width\" content=\"1440\" \/>\n\t<meta property=\"og:image:height\" content=\"1040\" \/>\n\t<meta property=\"og:image:type\" content=\"image\/jpeg\" \/>\n<meta name=\"twitter:card\" content=\"summary_large_image\" \/>\n<meta name=\"twitter:label1\" content=\"Est. reading time\" \/>\n\t<meta name=\"twitter:data1\" content=\"1 minute\" \/>\n<script type=\"application\/ld+json\" class=\"yoast-schema-graph\">{\"@context\":\"https:\\\/\\\/schema.org\",\"@graph\":[{\"@type\":\"WebPage\",\"@id\":\"https:\\\/\\\/upwego.lv\\\/parakaiti\\\/\",\"url\":\"https:\\\/\\\/upwego.lv\\\/parakaiti\\\/\",\"name\":\"Parakaiti - Up We Go\",\"isPartOf\":{\"@id\":\"https:\\\/\\\/upwego.lv\\\/#website\"},\"primaryImageOfPage\":{\"@id\":\"https:\\\/\\\/upwego.lv\\\/parakaiti\\\/#primaryimage\"},\"image\":{\"@id\":\"https:\\\/\\\/upwego.lv\\\/parakaiti\\\/#primaryimage\"},\"thumbnailUrl\":\"https:\\\/\\\/upwego.lv\\\/wp-content\\\/uploads\\\/2024\\\/12\\\/IMG_8094-scaled-e1733841413423.jpg\",\"datePublished\":\"2024-12-10T07:14:06+00:00\",\"dateModified\":\"2026-03-02T18:24:52+00:00\",\"description\":\"Up We Go Parakaiti\",\"breadcrumb\":{\"@id\":\"https:\\\/\\\/upwego.lv\\\/parakaiti\\\/#breadcrumb\"},\"inLanguage\":\"en-US\",\"potentialAction\":[{\"@type\":\"ReadAction\",\"target\":[\"https:\\\/\\\/upwego.lv\\\/parakaiti\\\/\"]}]},{\"@type\":\"ImageObject\",\"inLanguage\":\"en-US\",\"@id\":\"https:\\\/\\\/upwego.lv\\\/parakaiti\\\/#primaryimage\",\"url\":\"https:\\\/\\\/upwego.lv\\\/wp-content\\\/uploads\\\/2024\\\/12\\\/IMG_8094-scaled-e1733841413423.jpg\",\"contentUrl\":\"https:\\\/\\\/upwego.lv\\\/wp-content\\\/uploads\\\/2024\\\/12\\\/IMG_8094-scaled-e1733841413423.jpg\",\"width\":1440,\"height\":1040},{\"@type\":\"BreadcrumbList\",\"@id\":\"https:\\\/\\\/upwego.lv\\\/parakaiti\\\/#breadcrumb\",\"itemListElement\":[{\"@type\":\"ListItem\",\"position\":1,\"name\":\"Home\",\"item\":\"https:\\\/\\\/upwego.lv\\\/\"},{\"@type\":\"ListItem\",\"position\":2,\"name\":\"Parakaiti\"}]},{\"@type\":\"WebSite\",\"@id\":\"https:\\\/\\\/upwego.lv\\\/#website\",\"url\":\"https:\\\/\\\/upwego.lv\\\/\",\"name\":\"Up We Go\",\"description\":\"Patst\u0101v\u012bgu parapl\u0101nu pilotu skola\",\"publisher\":{\"@id\":\"https:\\\/\\\/upwego.lv\\\/#organization\"},\"potentialAction\":[{\"@type\":\"SearchAction\",\"target\":{\"@type\":\"EntryPoint\",\"urlTemplate\":\"https:\\\/\\\/upwego.lv\\\/?s={search_term_string}\"},\"query-input\":{\"@type\":\"PropertyValueSpecification\",\"valueRequired\":true,\"valueName\":\"search_term_string\"}}],\"inLanguage\":\"en-US\"},{\"@type\":\"Organization\",\"@id\":\"https:\\\/\\\/upwego.lv\\\/#organization\",\"name\":\"Up We Go\",\"url\":\"https:\\\/\\\/upwego.lv\\\/\",\"logo\":{\"@type\":\"ImageObject\",\"inLanguage\":\"en-US\",\"@id\":\"https:\\\/\\\/upwego.lv\\\/#\\\/schema\\\/logo\\\/image\\\/\",\"url\":\"https:\\\/\\\/upwego.lv\\\/wp-content\\\/uploads\\\/2025\\\/01\\\/uwg-logo-white.png\",\"contentUrl\":\"https:\\\/\\\/upwego.lv\\\/wp-content\\\/uploads\\\/2025\\\/01\\\/uwg-logo-white.png\",\"width\":1175,\"height\":747,\"caption\":\"Up We Go\"},\"image\":{\"@id\":\"https:\\\/\\\/upwego.lv\\\/#\\\/schema\\\/logo\\\/image\\\/\"},\"sameAs\":[\"https:\\\/\\\/www.facebook.com\\\/upwego\\\/\",\"https:\\\/\\\/www.instagram.com\\\/upwego.paragliding\\\/\"]}]}<\/script>\n<!-- \/ Yoast SEO plugin. -->","yoast_head_json":{"title":"Parakaiti - Up We Go","description":"Up We Go Parakaiti","robots":{"index":"index","follow":"follow","max-snippet":"max-snippet:-1","max-image-preview":"max-image-preview:large","max-video-preview":"max-video-preview:-1"},"canonical":"https:\/\/upwego.lv\/en\/parakaiti\/","og_locale":"en_US","og_type":"article","og_title":"Parakaiti - Up We Go","og_description":"Up We Go Parakaiti","og_url":"https:\/\/upwego.lv\/en\/parakaiti\/","og_site_name":"Up We Go","article_publisher":"https:\/\/www.facebook.com\/upwego\/","article_modified_time":"2026-03-02T18:24:52+00:00","og_image":[{"width":1440,"height":1040,"url":"https:\/\/upwego.lv\/wp-content\/uploads\/2024\/12\/IMG_8094-scaled-e1733841413423.jpg","type":"image\/jpeg"}],"twitter_card":"summary_large_image","twitter_misc":{"Est. reading time":"1 minute"},"schema":{"@context":"https:\/\/schema.org","@graph":[{"@type":"WebPage","@id":"https:\/\/upwego.lv\/parakaiti\/","url":"https:\/\/upwego.lv\/parakaiti\/","name":"Parakaiti - Up We Go","isPartOf":{"@id":"https:\/\/upwego.lv\/#website"},"primaryImageOfPage":{"@id":"https:\/\/upwego.lv\/parakaiti\/#primaryimage"},"image":{"@id":"https:\/\/upwego.lv\/parakaiti\/#primaryimage"},"thumbnailUrl":"https:\/\/upwego.lv\/wp-content\/uploads\/2024\/12\/IMG_8094-scaled-e1733841413423.jpg","datePublished":"2024-12-10T07:14:06+00:00","dateModified":"2026-03-02T18:24:52+00:00","description":"Up We Go Parakaiti","breadcrumb":{"@id":"https:\/\/upwego.lv\/parakaiti\/#breadcrumb"},"inLanguage":"en-US","potentialAction":[{"@type":"ReadAction","target":["https:\/\/upwego.lv\/parakaiti\/"]}]},{"@type":"ImageObject","inLanguage":"en-US","@id":"https:\/\/upwego.lv\/parakaiti\/#primaryimage","url":"https:\/\/upwego.lv\/wp-content\/uploads\/2024\/12\/IMG_8094-scaled-e1733841413423.jpg","contentUrl":"https:\/\/upwego.lv\/wp-content\/uploads\/2024\/12\/IMG_8094-scaled-e1733841413423.jpg","width":1440,"height":1040},{"@type":"BreadcrumbList","@id":"https:\/\/upwego.lv\/parakaiti\/#breadcrumb","itemListElement":[{"@type":"ListItem","position":1,"name":"Home","item":"https:\/\/upwego.lv\/"},{"@type":"ListItem","position":2,"name":"Parakaiti"}]},{"@type":"WebSite","@id":"https:\/\/upwego.lv\/#website","url":"https:\/\/upwego.lv\/","name":"Up We Go","description":"Patst\u0101v\u012bgu parapl\u0101nu pilotu skola","publisher":{"@id":"https:\/\/upwego.lv\/#organization"},"potentialAction":[{"@type":"SearchAction","target":{"@type":"EntryPoint","urlTemplate":"https:\/\/upwego.lv\/?s={search_term_string}"},"query-input":{"@type":"PropertyValueSpecification","valueRequired":true,"valueName":"search_term_string"}}],"inLanguage":"en-US"},{"@type":"Organization","@id":"https:\/\/upwego.lv\/#organization","name":"Up We Go","url":"https:\/\/upwego.lv\/","logo":{"@type":"ImageObject","inLanguage":"en-US","@id":"https:\/\/upwego.lv\/#\/schema\/logo\/image\/","url":"https:\/\/upwego.lv\/wp-content\/uploads\/2025\/01\/uwg-logo-white.png","contentUrl":"https:\/\/upwego.lv\/wp-content\/uploads\/2025\/01\/uwg-logo-white.png","width":1175,"height":747,"caption":"Up We Go"},"image":{"@id":"https:\/\/upwego.lv\/#\/schema\/logo\/image\/"},"sameAs":["https:\/\/www.facebook.com\/upwego\/","https:\/\/www.instagram.com\/upwego.paragliding\/"]}]}},"featured_media_urls":{"thumbnail":["https:\/\/upwego.lv\/wp-content\/uploads\/2024\/12\/IMG_8094-scaled-e1733841413423-150x150.jpg",150,150,true],"medium":["https:\/\/upwego.lv\/wp-content\/uploads\/2024\/12\/IMG_8094-scaled-e1733841413423-300x217.jpg",300,217,true],"medium_large":["https:\/\/upwego.lv\/wp-content\/uploads\/2024\/12\/IMG_8094-scaled-e1733841413423-768x555.jpg",768,555,true],"large":["https:\/\/upwego.lv\/wp-content\/uploads\/2024\/12\/IMG_8094-scaled-e1733841413423-1024x740.jpg",1024,740,true],"1536x1536":["https:\/\/upwego.lv\/wp-content\/uploads\/2024\/12\/IMG_8094-scaled-e1733841413423.jpg",1440,1040,false],"2048x2048":["https:\/\/upwego.lv\/wp-content\/uploads\/2024\/12\/IMG_8094-scaled-e1733841413423.jpg",1440,1040,false],"trp-custom-language-flag":["https:\/\/upwego.lv\/wp-content\/uploads\/2024\/12\/IMG_8094-scaled-e1733841413423.jpg",18,12,false],"kubio-fullhd":["https:\/\/upwego.lv\/wp-content\/uploads\/2024\/12\/IMG_8094-scaled-e1733841413423.jpg",1440,1040,false],"woocommerce_thumbnail":["https:\/\/upwego.lv\/wp-content\/uploads\/2024\/12\/IMG_8094-scaled-e1733841413423-300x300.jpg",300,300,true],"woocommerce_single":["https:\/\/upwego.lv\/wp-content\/uploads\/2024\/12\/IMG_8094-scaled-e1733841413423.jpg",600,433,false],"woocommerce_gallery_thumbnail":["https:\/\/upwego.lv\/wp-content\/uploads\/2024\/12\/IMG_8094-scaled-e1733841413423-100x100.jpg",100,100,true],"portfolio_item-thumbnail":["https:\/\/upwego.lv\/wp-content\/uploads\/2024\/12\/IMG_8094-scaled-e1733841413423.jpg",554,400,false],"portfolio_item-thumbnail@2x":["https:\/\/upwego.lv\/wp-content\/uploads\/2024\/12\/IMG_8094-scaled-e1733841413423.jpg",1108,800,false],"portfolio_item-masonry":["https:\/\/upwego.lv\/wp-content\/uploads\/2024\/12\/IMG_8094-scaled-e1733841413423.jpg",600,433,false],"portfolio_item-masonry@2x":["https:\/\/upwego.lv\/wp-content\/uploads\/2024\/12\/IMG_8094-scaled-e1733841413423.jpg",1200,867,false],"portfolio_item-thumbnail_cinema":["https:\/\/upwego.lv\/wp-content\/uploads\/2024\/12\/IMG_8094-scaled-e1733841413423.jpg",464,335,false],"portfolio_item-thumbnail_portrait":["https:\/\/upwego.lv\/wp-content\/uploads\/2024\/12\/IMG_8094-scaled-e1733841413423.jpg",600,433,false],"portfolio_item-thumbnail_portrait@2x":["https:\/\/upwego.lv\/wp-content\/uploads\/2024\/12\/IMG_8094-scaled-e1733841413423.jpg",1200,867,false],"portfolio_item-thumbnail_square":["https:\/\/upwego.lv\/wp-content\/uploads\/2024\/12\/IMG_8094-scaled-e1733841413423.jpg",800,578,false]},"_links":{"self":[{"href":"https:\/\/upwego.lv\/en\/wp-json\/wp\/v2\/pages\/301","targetHints":{"allow":["GET"]}}],"collection":[{"href":"https:\/\/upwego.lv\/en\/wp-json\/wp\/v2\/pages"}],"about":[{"href":"https:\/\/upwego.lv\/en\/wp-json\/wp\/v2\/types\/page"}],"author":[{"embeddable":true,"href":"https:\/\/upwego.lv\/en\/wp-json\/wp\/v2\/users\/2"}],"replies":[{"embeddable":true,"href":"https:\/\/upwego.lv\/en\/wp-json\/wp\/v2\/comments?post=301"}],"version-history":[{"count":75,"href":"https:\/\/upwego.lv\/en\/wp-json\/wp\/v2\/pages\/301\/revisions"}],"predecessor-version":[{"id":2815,"href":"https:\/\/upwego.lv\/en\/wp-json\/wp\/v2\/pages\/301\/revisions\/2815"}],"wp:featuredmedia":[{"embeddable":true,"href":"https:\/\/upwego.lv\/en\/wp-json\/wp\/v2\/media\/325"}],"wp:attachment":[{"href":"https:\/\/upwego.lv\/en\/wp-json\/wp\/v2\/media?parent=301"}],"curies":[{"name":"wp","href":"https:\/\/api.w.org\/{rel}","templated":true}]}}