{"id":1722,"date":"2025-07-08T16:57:10","date_gmt":"2025-07-08T13:57:10","guid":{"rendered":"https:\/\/upwego.lv\/cart\/"},"modified":"2025-12-19T14:57:18","modified_gmt":"2025-12-19T12:57:18","slug":"cart","status":"publish","type":"page","link":"https:\/\/upwego.lv\/en\/cart\/","title":{"rendered":"Grozs"},"content":{"rendered":"<div data-block-name=\"woocommerce\/cart\" class=\"wp-block-woocommerce-cart alignwide is-loading\">\n<div data-block-name=\"woocommerce\/filled-cart-block\" class=\"wp-block-woocommerce-filled-cart-block\">\n<div data-block-name=\"woocommerce\/cart-items-block\" class=\"wp-block-woocommerce-cart-items-block\">\n<div data-block-name=\"woocommerce\/cart-line-items-block\" class=\"wp-block-woocommerce-cart-line-items-block\"><\/div>\n\n\n\n<div data-block-name=\"woocommerce\/cart-cross-sells-block\" class=\"wp-block-woocommerce-cart-cross-sells-block\">\n<h2 class=\"wp-block-heading has-large-font-size\">You may be interested in\u2026<\/h2>\n\n\n\n<div data-block-name=\"woocommerce\/cart-cross-sells-products-block\" class=\"wp-block-woocommerce-cart-cross-sells-products-block\"><\/div>\n<\/div>\n<\/div>\n\n\n\n<div data-block-name=\"woocommerce\/cart-totals-block\" class=\"wp-block-woocommerce-cart-totals-block\">\n<div data-block-name=\"woocommerce\/cart-order-summary-block\" class=\"wp-block-woocommerce-cart-order-summary-block\">\n<div data-block-name=\"woocommerce\/cart-order-summary-heading-block\" class=\"wp-block-woocommerce-cart-order-summary-heading-block\"><\/div><div data-block-name=\"woocommerce\/cart-order-summary-coupon-form-block\" class=\"wp-block-woocommerce-cart-order-summary-coupon-form-block\"><\/div><div data-block-name=\"woocommerce\/cart-order-summary-totals-block\" class=\"wp-block-woocommerce-cart-order-summary-totals-block\">\n<div data-block-name=\"woocommerce\/cart-order-summary-subtotal-block\" class=\"wp-block-woocommerce-cart-order-summary-subtotal-block\"><\/div>\n<div data-block-name=\"woocommerce\/cart-order-summary-discount-block\" class=\"wp-block-woocommerce-cart-order-summary-discount-block\"><\/div>\n<div data-block-name=\"woocommerce\/cart-order-summary-fee-block\" class=\"wp-block-woocommerce-cart-order-summary-fee-block\"><\/div>\n<div data-block-name=\"woocommerce\/cart-order-summary-shipping-block\" class=\"wp-block-woocommerce-cart-order-summary-shipping-block\"><\/div>\n<div data-block-name=\"woocommerce\/cart-order-summary-taxes-block\" class=\"wp-block-woocommerce-cart-order-summary-taxes-block\"><\/div><\/div>\n<\/div>\n\n\n\n<div data-block-name=\"woocommerce\/cart-express-payment-block\" class=\"wp-block-woocommerce-cart-express-payment-block\"><\/div>\n\n\n\n<div data-block-name=\"woocommerce\/proceed-to-checkout-block\" class=\"wp-block-woocommerce-proceed-to-checkout-block\"><\/div>\n\n\n\n<div data-block-name=\"woocommerce\/cart-accepted-payment-methods-block\" class=\"wp-block-woocommerce-cart-accepted-payment-methods-block\"><\/div>\n<\/div>\n<\/div>\n\n\n\n<div data-block-name=\"woocommerce\/empty-cart-block\" class=\"wp-block-woocommerce-empty-cart-block\">\n<h2 class=\"wp-block-heading has-text-align-center with-empty-cart-icon wc-block-cart__empty-cart__title\">Your cart is currently empty!<\/h2>\n\n\n\n<hr class=\"wp-block-separator has-alpha-channel-opacity is-style-dots\"\/>\n\n\n\n<h2 class=\"wp-block-heading has-text-align-center\">New in store<\/h2>\n\n\n<div data-block-name=\"woocommerce\/product-new\" data-columns=\"4\" data-rows=\"1\" class=\"wc-block-grid wp-block-product-new wp-block-woocommerce-product-new wc-block-product-new has-4-columns\"><ul class=\"wc-block-grid__products\"><li class=\"wc-block-grid__product\">\n\t\t\t\t<a href=\"https:\/\/upwego.lv\/en\/product\/davanu-karte-piedzivojuma-mekletajiem\/\" class=\"wc-block-grid__product-link\">\n\t\t\t\t\t\n\t\t\t\t\t<div class=\"wc-block-grid__product-image\"><img loading=\"lazy\" decoding=\"async\" width=\"300\" height=\"300\" src=\"https:\/\/upwego.lv\/wp-content\/uploads\/2025\/12\/22222-300x300.png\" class=\"attachment-woocommerce_thumbnail size-woocommerce_thumbnail\" alt=\"D\u0101vanu karte piedz\u012bvojuma mekl\u0113t\u0101jiem\" srcset=\"https:\/\/upwego.lv\/wp-content\/uploads\/2025\/12\/22222-300x300.png 300w, https:\/\/upwego.lv\/wp-content\/uploads\/2025\/12\/22222-150x150.png 150w, https:\/\/upwego.lv\/wp-content\/uploads\/2025\/12\/22222-100x100.png 100w\" sizes=\"(max-width: 300px) 100vw, 300px\" \/><\/div>\n\t\t\t\t\t<div class=\"wc-block-grid__product-title\">D\u0101vanu karte piedz\u012bvojuma mekl\u0113t\u0101jiem<\/div>\n\t\t\t\t<\/a>\n\t\t\t\t<div class=\"wc-block-grid__product-price price\"><span class=\"woocommerce-Price-amount amount\">110.00&nbsp;<span class=\"woocommerce-Price-currencySymbol\">&euro;<\/span><\/span><\/div>\n\t\t\t\t\n\t\t\t\t<div class=\"wp-block-button wc-block-grid__product-add-to-cart\"><a href=\"https:\/\/upwego.lv\/en\/product\/davanu-karte-piedzivojuma-mekletajiem\/\" aria-label=\"Read more about \u201cD\u0101vanu karte piedz\u012bvojuma mekl\u0113t\u0101jiem\u201d\" data-quantity=\"1\" data-product_id=\"2487\" data-product_sku=\"\" data-price=\"110\" rel=\"nofollow\" class=\"wp-block-button__link  add_to_cart_button\" data-no-translation=\"\" data-trp-gettext=\"\" data-no-translation-aria-label=\"\">Read more<\/a><\/div>\n\t\t\t<\/li><li class=\"wc-block-grid__product\">\n\t\t\t\t<a href=\"https:\/\/upwego.lv\/en\/product\/davanu-karte-tandema-lidojumam\/\" class=\"wc-block-grid__product-link\">\n\t\t\t\t\t\n\t\t\t\t\t<div class=\"wc-block-grid__product-image\"><img loading=\"lazy\" decoding=\"async\" width=\"300\" height=\"300\" src=\"https:\/\/upwego.lv\/wp-content\/uploads\/2025\/07\/DKUWG-300x300.png\" class=\"attachment-woocommerce_thumbnail size-woocommerce_thumbnail\" alt=\"D\u0101vanu karte tand\u0113ma lidojumam\" srcset=\"https:\/\/upwego.lv\/wp-content\/uploads\/2025\/07\/DKUWG-300x300.png 300w, https:\/\/upwego.lv\/wp-content\/uploads\/2025\/07\/DKUWG-150x150.png 150w, https:\/\/upwego.lv\/wp-content\/uploads\/2025\/07\/DKUWG-12x12.png 12w, https:\/\/upwego.lv\/wp-content\/uploads\/2025\/07\/DKUWG-100x100.png 100w\" sizes=\"(max-width: 300px) 100vw, 300px\" \/><\/div>\n\t\t\t\t\t<div class=\"wc-block-grid__product-title\">D\u0101vanu karte tand\u0113ma lidojumam<\/div>\n\t\t\t\t<\/a>\n\t\t\t\t<div class=\"wc-block-grid__product-price price\"><span class=\"woocommerce-Price-amount amount\">59.99&nbsp;<span class=\"woocommerce-Price-currencySymbol\">&euro;<\/span><\/span><\/div>\n\t\t\t\t\n\t\t\t\t<div class=\"wp-block-button wc-block-grid__product-add-to-cart\"><a href=\"https:\/\/upwego.lv\/en\/product\/davanu-karte-tandema-lidojumam\/\" aria-label=\"Read more about \u201cD\u0101vanu karte tand\u0113ma lidojumam\u201d\" data-quantity=\"1\" data-product_id=\"1709\" data-product_sku=\"\" data-price=\"59.99\" rel=\"nofollow\" class=\"wp-block-button__link  add_to_cart_button\" data-no-translation=\"\" data-trp-gettext=\"\" data-no-translation-aria-label=\"\">Read more<\/a><\/div>\n\t\t\t<\/li><\/ul><\/div><\/div>\n<\/div>","protected":false},"excerpt":{"rendered":"","protected":false},"author":3,"featured_media":0,"parent":0,"menu_order":0,"comment_status":"closed","ping_status":"closed","template":"full-width","meta":{"saved_in_kubio":false,"footnotes":""},"class_list":["post-1722","page","type-page","status-publish","hentry"],"kubio_ai_page_context":{"short_desc":"","purpose":"general"},"yoast_head":"<!-- This site is optimized with the Yoast SEO plugin v27.3 - https:\/\/yoast.com\/product\/yoast-seo-wordpress\/ -->\n<title>Grozs - Up We Go<\/title>\n<meta name=\"description\" content=\"Up We Go Grozs\" \/>\n<meta name=\"robots\" content=\"index, follow, max-snippet:-1, max-image-preview:large, max-video-preview:-1\" \/>\n<link rel=\"canonical\" href=\"https:\/\/upwego.lv\/en\/cart\/\" \/>\n<meta property=\"og:locale\" content=\"en_US\" \/>\n<meta property=\"og:type\" content=\"article\" \/>\n<meta property=\"og:title\" content=\"Grozs - Up We Go\" \/>\n<meta property=\"og:description\" content=\"Up We Go Grozs\" \/>\n<meta property=\"og:url\" content=\"https:\/\/upwego.lv\/en\/cart\/\" \/>\n<meta property=\"og:site_name\" content=\"Up We Go\" \/>\n<meta property=\"article:publisher\" content=\"https:\/\/www.facebook.com\/upwego\/\" \/>\n<meta property=\"article:modified_time\" content=\"2025-12-19T12:57:18+00:00\" \/>\n<meta property=\"og:image\" content=\"https:\/\/upwego.lv\/wp-content\/uploads\/2025\/01\/uwg-logo-white.png\" \/>\n\t<meta property=\"og:image:width\" content=\"1175\" \/>\n\t<meta property=\"og:image:height\" content=\"747\" \/>\n\t<meta property=\"og:image:type\" content=\"image\/png\" \/>\n<meta name=\"twitter:card\" content=\"summary_large_image\" \/>\n<script type=\"application\/ld+json\" class=\"yoast-schema-graph\">{\"@context\":\"https:\\\/\\\/schema.org\",\"@graph\":[{\"@type\":\"WebPage\",\"@id\":\"https:\\\/\\\/upwego.lv\\\/cart\\\/\",\"url\":\"https:\\\/\\\/upwego.lv\\\/cart\\\/\",\"name\":\"Grozs - Up We Go\",\"isPartOf\":{\"@id\":\"https:\\\/\\\/upwego.lv\\\/#website\"},\"datePublished\":\"2025-07-08T13:57:10+00:00\",\"dateModified\":\"2025-12-19T12:57:18+00:00\",\"description\":\"Up We Go Grozs\",\"breadcrumb\":{\"@id\":\"https:\\\/\\\/upwego.lv\\\/cart\\\/#breadcrumb\"},\"inLanguage\":\"en-US\",\"potentialAction\":[{\"@type\":\"ReadAction\",\"target\":[\"https:\\\/\\\/upwego.lv\\\/cart\\\/\"]}]},{\"@type\":\"BreadcrumbList\",\"@id\":\"https:\\\/\\\/upwego.lv\\\/cart\\\/#breadcrumb\",\"itemListElement\":[{\"@type\":\"ListItem\",\"position\":1,\"name\":\"Home\",\"item\":\"https:\\\/\\\/upwego.lv\\\/\"},{\"@type\":\"ListItem\",\"position\":2,\"name\":\"Grozs\"}]},{\"@type\":\"WebSite\",\"@id\":\"https:\\\/\\\/upwego.lv\\\/#website\",\"url\":\"https:\\\/\\\/upwego.lv\\\/\",\"name\":\"Up We Go\",\"description\":\"Patst\u0101v\u012bgu parapl\u0101nu pilotu skola\",\"publisher\":{\"@id\":\"https:\\\/\\\/upwego.lv\\\/#organization\"},\"potentialAction\":[{\"@type\":\"SearchAction\",\"target\":{\"@type\":\"EntryPoint\",\"urlTemplate\":\"https:\\\/\\\/upwego.lv\\\/?s={search_term_string}\"},\"query-input\":{\"@type\":\"PropertyValueSpecification\",\"valueRequired\":true,\"valueName\":\"search_term_string\"}}],\"inLanguage\":\"en-US\"},{\"@type\":\"Organization\",\"@id\":\"https:\\\/\\\/upwego.lv\\\/#organization\",\"name\":\"Up We Go\",\"url\":\"https:\\\/\\\/upwego.lv\\\/\",\"logo\":{\"@type\":\"ImageObject\",\"inLanguage\":\"en-US\",\"@id\":\"https:\\\/\\\/upwego.lv\\\/#\\\/schema\\\/logo\\\/image\\\/\",\"url\":\"https:\\\/\\\/upwego.lv\\\/wp-content\\\/uploads\\\/2025\\\/01\\\/uwg-logo-white.png\",\"contentUrl\":\"https:\\\/\\\/upwego.lv\\\/wp-content\\\/uploads\\\/2025\\\/01\\\/uwg-logo-white.png\",\"width\":1175,\"height\":747,\"caption\":\"Up We Go\"},\"image\":{\"@id\":\"https:\\\/\\\/upwego.lv\\\/#\\\/schema\\\/logo\\\/image\\\/\"},\"sameAs\":[\"https:\\\/\\\/www.facebook.com\\\/upwego\\\/\",\"https:\\\/\\\/www.instagram.com\\\/upwego.paragliding\\\/\"]}]}<\/script>\n<!-- \/ Yoast SEO plugin. -->","yoast_head_json":{"title":"Grozs - Up We Go","description":"Up We Go Grozs","robots":{"index":"index","follow":"follow","max-snippet":"max-snippet:-1","max-image-preview":"max-image-preview:large","max-video-preview":"max-video-preview:-1"},"canonical":"https:\/\/upwego.lv\/en\/cart\/","og_locale":"en_US","og_type":"article","og_title":"Grozs - Up We Go","og_description":"Up We Go Grozs","og_url":"https:\/\/upwego.lv\/en\/cart\/","og_site_name":"Up We Go","article_publisher":"https:\/\/www.facebook.com\/upwego\/","article_modified_time":"2025-12-19T12:57:18+00:00","og_image":[{"width":1175,"height":747,"url":"https:\/\/upwego.lv\/wp-content\/uploads\/2025\/01\/uwg-logo-white.png","type":"image\/png"}],"twitter_card":"summary_large_image","schema":{"@context":"https:\/\/schema.org","@graph":[{"@type":"WebPage","@id":"https:\/\/upwego.lv\/cart\/","url":"https:\/\/upwego.lv\/cart\/","name":"Grozs - Up We Go","isPartOf":{"@id":"https:\/\/upwego.lv\/#website"},"datePublished":"2025-07-08T13:57:10+00:00","dateModified":"2025-12-19T12:57:18+00:00","description":"Up We Go Grozs","breadcrumb":{"@id":"https:\/\/upwego.lv\/cart\/#breadcrumb"},"inLanguage":"en-US","potentialAction":[{"@type":"ReadAction","target":["https:\/\/upwego.lv\/cart\/"]}]},{"@type":"BreadcrumbList","@id":"https:\/\/upwego.lv\/cart\/#breadcrumb","itemListElement":[{"@type":"ListItem","position":1,"name":"Home","item":"https:\/\/upwego.lv\/"},{"@type":"ListItem","position":2,"name":"Grozs"}]},{"@type":"WebSite","@id":"https:\/\/upwego.lv\/#website","url":"https:\/\/upwego.lv\/","name":"Up We Go","description":"Patst\u0101v\u012bgu parapl\u0101nu pilotu skola","publisher":{"@id":"https:\/\/upwego.lv\/#organization"},"potentialAction":[{"@type":"SearchAction","target":{"@type":"EntryPoint","urlTemplate":"https:\/\/upwego.lv\/?s={search_term_string}"},"query-input":{"@type":"PropertyValueSpecification","valueRequired":true,"valueName":"search_term_string"}}],"inLanguage":"en-US"},{"@type":"Organization","@id":"https:\/\/upwego.lv\/#organization","name":"Up We Go","url":"https:\/\/upwego.lv\/","logo":{"@type":"ImageObject","inLanguage":"en-US","@id":"https:\/\/upwego.lv\/#\/schema\/logo\/image\/","url":"https:\/\/upwego.lv\/wp-content\/uploads\/2025\/01\/uwg-logo-white.png","contentUrl":"https:\/\/upwego.lv\/wp-content\/uploads\/2025\/01\/uwg-logo-white.png","width":1175,"height":747,"caption":"Up We Go"},"image":{"@id":"https:\/\/upwego.lv\/#\/schema\/logo\/image\/"},"sameAs":["https:\/\/www.facebook.com\/upwego\/","https:\/\/www.instagram.com\/upwego.paragliding\/"]}]}},"featured_media_urls":[],"_links":{"self":[{"href":"https:\/\/upwego.lv\/en\/wp-json\/wp\/v2\/pages\/1722","targetHints":{"allow":["GET"]}}],"collection":[{"href":"https:\/\/upwego.lv\/en\/wp-json\/wp\/v2\/pages"}],"about":[{"href":"https:\/\/upwego.lv\/en\/wp-json\/wp\/v2\/types\/page"}],"author":[{"embeddable":true,"href":"https:\/\/upwego.lv\/en\/wp-json\/wp\/v2\/users\/3"}],"replies":[{"embeddable":true,"href":"https:\/\/upwego.lv\/en\/wp-json\/wp\/v2\/comments?post=1722"}],"version-history":[{"count":3,"href":"https:\/\/upwego.lv\/en\/wp-json\/wp\/v2\/pages\/1722\/revisions"}],"predecessor-version":[{"id":2264,"href":"https:\/\/upwego.lv\/en\/wp-json\/wp\/v2\/pages\/1722\/revisions\/2264"}],"wp:attachment":[{"href":"https:\/\/upwego.lv\/en\/wp-json\/wp\/v2\/media?parent=1722"}],"curies":[{"name":"wp","href":"https:\/\/api.w.org\/{rel}","templated":true}]}}